{"id":80,"date":"2020-02-27T21:27:57","date_gmt":"2020-02-27T20:27:57","guid":{"rendered":"http:\/\/aelfb-fauvedebourgogne.fr\/?page_id=80"},"modified":"2025-10-30T20:59:43","modified_gmt":"2025-10-30T19:59:43","slug":"resultats-des-championnats-de-l-a-e-l-f-b","status":"publish","type":"page","link":"https:\/\/aelfb-fauvedebourgogne.fr\/?page_id=80","title":{"rendered":"R\u00e9sultats et Palmar\u00e8s des Championnats de l&rsquo;A.E.L.F.B"},"content":{"rendered":"\n<hr class=\"wp-block-separator has-alpha-channel-opacity\"\/>\n\n\n\n<div class=\"wp-block-file\"><a id=\"wp-block-file--media-ed2c85bb-5f41-48e2-8b3f-cc0af12b8c2f\" href=\"https:\/\/aelfb-fauvedebourgogne.fr\/wp-content\/uploads\/2025\/10\/Palmares-elevages.pdf\">Palmar\u00e8s- \u00e9levages aelfb-LIMOGES 2025<\/a><a href=\"https:\/\/aelfb-fauvedebourgogne.fr\/wp-content\/uploads\/2025\/10\/Palmares-elevages.pdf\" class=\"wp-block-file__button wp-element-button\" download aria-describedby=\"wp-block-file--media-ed2c85bb-5f41-48e2-8b3f-cc0af12b8c2f\">POUR T\u00e9l\u00e9charger CLIQUEZ ICI<\/a><\/div>\n\n\n\n<div class=\"wp-block-file\"><a id=\"wp-block-file--media-c857b708-558c-4445-97b9-2f50f6630ff3\" href=\"https:\/\/aelfb-fauvedebourgogne.fr\/wp-content\/uploads\/2025\/10\/Males-classes-LIMOGES-2025.pdf\">M\u00e2les class\u00e9s- LIMOGES -2025<\/a><a href=\"https:\/\/aelfb-fauvedebourgogne.fr\/wp-content\/uploads\/2025\/10\/Males-classes-LIMOGES-2025.pdf\" class=\"wp-block-file__button wp-element-button\" download aria-describedby=\"wp-block-file--media-c857b708-558c-4445-97b9-2f50f6630ff3\">POUR T\u00e9l\u00e9charger CLIQUEZ ICI<\/a><\/div>\n\n\n\n<div class=\"wp-block-file\"><a id=\"wp-block-file--media-056a620f-4b22-4fe1-932b-3242b9ba6554\" href=\"https:\/\/aelfb-fauvedebourgogne.fr\/wp-content\/uploads\/2025\/10\/Femelles-classees-LIMOGES-2025.pdf\">Femelles class\u00e9es- LIMOGES- 2025<\/a><a href=\"https:\/\/aelfb-fauvedebourgogne.fr\/wp-content\/uploads\/2025\/10\/Femelles-classees-LIMOGES-2025.pdf\" class=\"wp-block-file__button wp-element-button\" download aria-describedby=\"wp-block-file--media-056a620f-4b22-4fe1-932b-3242b9ba6554\">pour T\u00e9l\u00e9charger cliquez ici<\/a><\/div>\n\n\n\n<hr class=\"wp-block-separator has-alpha-channel-opacity\"\/>\n\n\n\n<div class=\"wp-block-file\"><a id=\"wp-block-file--media-5be7612c-7836-48f8-8b2e-def150cd84d2\" href=\"https:\/\/aelfb-fauvedebourgogne.fr\/wp-content\/uploads\/2024\/12\/Palmares-elevages-aelfb-Ambazac-2024-1.pdf\">Palmar\u00e8s- \u00e9levages aelfb- Ambazac 2024<\/a><a href=\"https:\/\/aelfb-fauvedebourgogne.fr\/wp-content\/uploads\/2024\/12\/Palmares-elevages-aelfb-Ambazac-2024-1.pdf\" class=\"wp-block-file__button wp-element-button\" download aria-describedby=\"wp-block-file--media-5be7612c-7836-48f8-8b2e-def150cd84d2\">pour T\u00e9l\u00e9charger cliquez ici<\/a><\/div>\n\n\n\n<div class=\"wp-block-file\"><a id=\"wp-block-file--media-0597423a-98ae-4995-af48-a364b9763886\" href=\"https:\/\/aelfb-fauvedebourgogne.fr\/wp-content\/uploads\/2024\/12\/Males-classes-Ambazac-2024.pdf\">M\u00e2les class\u00e9s- Ambazac- 2024<\/a><a href=\"https:\/\/aelfb-fauvedebourgogne.fr\/wp-content\/uploads\/2024\/12\/Males-classes-Ambazac-2024.pdf\" class=\"wp-block-file__button wp-element-button\" download aria-describedby=\"wp-block-file--media-0597423a-98ae-4995-af48-a364b9763886\">pour T\u00e9l\u00e9charger cliquez ici<\/a><\/div>\n\n\n\n<div class=\"wp-block-file\"><a id=\"wp-block-file--media-9754f75c-03a8-447e-b09f-2e66e9ce9c64\" href=\"https:\/\/aelfb-fauvedebourgogne.fr\/wp-content\/uploads\/2024\/12\/Femelles-classees-Ambazac-2024.pdf\">Femelles class\u00e9es -Ambazac- 2024<\/a><a href=\"https:\/\/aelfb-fauvedebourgogne.fr\/wp-content\/uploads\/2024\/12\/Femelles-classees-Ambazac-2024.pdf\" class=\"wp-block-file__button wp-element-button\" download aria-describedby=\"wp-block-file--media-9754f75c-03a8-447e-b09f-2e66e9ce9c64\">pour T\u00e9l\u00e9charger cliquez ici<\/a><\/div>\n\n\n\n<h3 class=\"wp-block-heading\">RENCONTRE NATIONAL LIMOGES 2023<\/h3>\n\n\n\n<figure class=\"wp-block-image size-full\"><img loading=\"lazy\" decoding=\"async\" width=\"720\" height=\"263\" src=\"http:\/\/aelfb-fauvedebourgogne.fr\/wp-content\/uploads\/2023\/11\/photo-groupe-A.E.L.F.B-2023-1.jpg\" alt=\"\" class=\"wp-image-1410\" srcset=\"https:\/\/aelfb-fauvedebourgogne.fr\/wp-content\/uploads\/2023\/11\/photo-groupe-A.E.L.F.B-2023-1.jpg 720w, https:\/\/aelfb-fauvedebourgogne.fr\/wp-content\/uploads\/2023\/11\/photo-groupe-A.E.L.F.B-2023-1-300x110.jpg 300w\" sizes=\"auto, (max-width: 720px) 85vw, 720px\" \/><\/figure>\n\n\n\n<div class=\"wp-block-file\"><a id=\"wp-block-file--media-4c632f81-c013-4a88-a78f-78d9c1b532dd\" href=\"http:\/\/aelfb-fauvedebourgogne.fr\/wp-content\/uploads\/2023\/10\/Femelles-classees-LIMOGES-2023.pdf\">classement Femelles -LIMOGES-2023<\/a><a href=\"http:\/\/aelfb-fauvedebourgogne.fr\/wp-content\/uploads\/2023\/10\/Femelles-classees-LIMOGES-2023.pdf\" class=\"wp-block-file__button wp-element-button\" download aria-describedby=\"wp-block-file--media-4c632f81-c013-4a88-a78f-78d9c1b532dd\">pour T\u00e9l\u00e9charger cliquez ici<\/a><\/div>\n\n\n\n<div class=\"wp-block-file\"><a id=\"wp-block-file--media-51a16e8f-7b53-4e49-91fe-b3587847be0d\" href=\"http:\/\/aelfb-fauvedebourgogne.fr\/wp-content\/uploads\/2023\/10\/Males-classes-limoge-2023.pdf\">classement m\u00e2les -LIMOGES-2023<\/a><a href=\"http:\/\/aelfb-fauvedebourgogne.fr\/wp-content\/uploads\/2023\/10\/Males-classes-limoge-2023.pdf\" class=\"wp-block-file__button wp-element-button\" download aria-describedby=\"wp-block-file--media-51a16e8f-7b53-4e49-91fe-b3587847be0d\">POUR T\u00e9l\u00e9charger CLIQUEZ ICI<\/a><\/div>\n\n\n\n<div class=\"wp-block-file\"><a id=\"wp-block-file--media-4f10c502-7983-4b96-81b5-c37eda51dde1\" href=\"http:\/\/aelfb-fauvedebourgogne.fr\/wp-content\/uploads\/2023\/10\/Palmares-elevages-limoges-2023.pdf\">r\u00e9sultats Palmares-\u00e9levages-limoges-2023<\/a><a href=\"http:\/\/aelfb-fauvedebourgogne.fr\/wp-content\/uploads\/2023\/10\/Palmares-elevages-limoges-2023.pdf\" class=\"wp-block-file__button wp-element-button\" download aria-describedby=\"wp-block-file--media-4f10c502-7983-4b96-81b5-c37eda51dde1\">pour T\u00e9l\u00e9charger cliquez ici<\/a><\/div>\n\n\n\n<hr class=\"wp-block-separator has-alpha-channel-opacity\"\/>\n\n\n\n<h3 class=\"wp-block-heading\">CHAMPIONNAT NATIONAL LIMOGES 2021<\/h3>\n\n\n\n<div class=\"wp-block-file\"><a id=\"wp-block-file--media-5baa12d9-c0a2-47c1-a703-542fb4aff505\" href=\"http:\/\/aelfb-fauvedebourgogne.fr\/wp-content\/uploads\/2023\/10\/Classement-elevage-site-2021-limoges.pdf\">Classement-elevage-2021-limoges<\/a><a href=\"http:\/\/aelfb-fauvedebourgogne.fr\/wp-content\/uploads\/2023\/10\/Classement-elevage-site-2021-limoges.pdf\" class=\"wp-block-file__button wp-element-button\" download aria-describedby=\"wp-block-file--media-5baa12d9-c0a2-47c1-a703-542fb4aff505\">pour T\u00e9l\u00e9charger cliquez ici<\/a><\/div>\n\n\n\n<div class=\"wp-block-file\"><a id=\"wp-block-file--media-804421c9-b32b-4062-9c89-1b54f083265c\" href=\"http:\/\/aelfb-fauvedebourgogne.fr\/wp-content\/uploads\/2023\/10\/Femelles-classees-LIMOGES-2021.pdf\">Femelles-classees-LIMOGES-2021<\/a><a href=\"http:\/\/aelfb-fauvedebourgogne.fr\/wp-content\/uploads\/2023\/10\/Femelles-classees-LIMOGES-2021.pdf\" class=\"wp-block-file__button wp-element-button\" download aria-describedby=\"wp-block-file--media-804421c9-b32b-4062-9c89-1b54f083265c\">pour t\u00e9l\u00e9charger  cliquez ici<\/a><\/div>\n\n\n\n<div class=\"wp-block-file\"><a id=\"wp-block-file--media-187a94d5-051a-4e53-af55-bb594ab61ec3\" href=\"http:\/\/aelfb-fauvedebourgogne.fr\/wp-content\/uploads\/2023\/10\/Males-classes-LIMOGES-2021.pdf\">Males-classes-LIMOGES-2021<\/a><a href=\"http:\/\/aelfb-fauvedebourgogne.fr\/wp-content\/uploads\/2023\/10\/Males-classes-LIMOGES-2021.pdf\" class=\"wp-block-file__button wp-element-button\" download aria-describedby=\"wp-block-file--media-187a94d5-051a-4e53-af55-bb594ab61ec3\">pour T\u00e9l\u00e9charger cliquez ici<\/a><\/div>\n\n\n\n<figure class=\"wp-block-embed is-type-video is-provider-youtube wp-block-embed-youtube wp-embed-aspect-16-9 wp-has-aspect-ratio\"><div class=\"wp-block-embed__wrapper\">\n<iframe loading=\"lazy\" title=\"Vid\u00e9o A.E.L.F.B expo limoges 2021\" width=\"840\" height=\"473\" src=\"https:\/\/www.youtube.com\/embed\/ngXIuNx5JYo?feature=oembed\" frameborder=\"0\" allow=\"accelerometer; autoplay; clipboard-write; encrypted-media; gyroscope; picture-in-picture; web-share\" referrerpolicy=\"strict-origin-when-cross-origin\" allowfullscreen><\/iframe>\n<\/div><\/figure>\n\n\n\n<hr class=\"wp-block-separator has-alpha-channel-opacity\"\/>\n\n\n\n<h2 class=\"wp-block-heading\"><strong>CHAMPIONNAT NATIONAL RENNES 2019<\/strong>                               <\/h2>\n\n\n\n<figure class=\"wp-block-image size-large\"><img loading=\"lazy\" decoding=\"async\" width=\"1024\" height=\"575\" src=\"http:\/\/aelfb-fauvedebourgogne.fr\/wp-content\/uploads\/2020\/03\/Photo-groupe-rennes-2019-1-1024x575.jpg\" alt=\"\" class=\"wp-image-207\" srcset=\"https:\/\/aelfb-fauvedebourgogne.fr\/wp-content\/uploads\/2020\/03\/Photo-groupe-rennes-2019-1-1024x575.jpg 1024w, https:\/\/aelfb-fauvedebourgogne.fr\/wp-content\/uploads\/2020\/03\/Photo-groupe-rennes-2019-1-300x168.jpg 300w, https:\/\/aelfb-fauvedebourgogne.fr\/wp-content\/uploads\/2020\/03\/Photo-groupe-rennes-2019-1-768x431.jpg 768w, https:\/\/aelfb-fauvedebourgogne.fr\/wp-content\/uploads\/2020\/03\/Photo-groupe-rennes-2019-1-1536x862.jpg 1536w, https:\/\/aelfb-fauvedebourgogne.fr\/wp-content\/uploads\/2020\/03\/Photo-groupe-rennes-2019-1-2048x1149.jpg 2048w, https:\/\/aelfb-fauvedebourgogne.fr\/wp-content\/uploads\/2020\/03\/Photo-groupe-rennes-2019-1-1200x674.jpg 1200w\" sizes=\"auto, (max-width: 709px) 85vw, (max-width: 909px) 67vw, (max-width: 1362px) 62vw, 840px\" \/><\/figure>\n\n\n\n<div class=\"wp-block-file\"><a id=\"wp-block-file--media-66b886d3-9c32-4b6c-8584-b9d95290ea71\" href=\"http:\/\/aelfb-fauvedebourgogne.fr\/wp-content\/uploads\/2020\/03\/Femelles-championne-rennes-2019.pdf\">Classement Femelles RENNES 2019<\/a><a href=\"http:\/\/aelfb-fauvedebourgogne.fr\/wp-content\/uploads\/2020\/03\/Femelles-championne-rennes-2019.pdf\" class=\"wp-block-file__button wp-element-button\" download aria-describedby=\"wp-block-file--media-66b886d3-9c32-4b6c-8584-b9d95290ea71\">pour t\u00e9l\u00e9charger cliquez ici<\/a><\/div>\n\n\n\n<div class=\"wp-block-file\"><a id=\"wp-block-file--media-d43b45c6-3478-47ed-a9e4-ffa90d58d381\" href=\"http:\/\/aelfb-fauvedebourgogne.fr\/wp-content\/uploads\/2020\/03\/M\u00e2les-champion-rennes-2019.pdf\">Classement M\u00e2les RENNES 2019<\/a><a href=\"http:\/\/aelfb-fauvedebourgogne.fr\/wp-content\/uploads\/2020\/03\/M\u00e2les-champion-rennes-2019.pdf\" class=\"wp-block-file__button wp-element-button\" download aria-describedby=\"wp-block-file--media-d43b45c6-3478-47ed-a9e4-ffa90d58d381\">pour t\u00e9l\u00e9charger cliquez ici<\/a><\/div>\n\n\n\n<div class=\"wp-block-file\"><a id=\"wp-block-file--media-adbdf27b-c3ad-4ebd-9321-8fc86ad832be\" href=\"http:\/\/aelfb-fauvedebourgogne.fr\/wp-content\/uploads\/2020\/03\/Classement-\u00e9levage-aelfb-rennes-2019.pdf\">Classement-\u00e9levage-aelfb-RENNES-2019<\/a><a href=\"http:\/\/aelfb-fauvedebourgogne.fr\/wp-content\/uploads\/2020\/03\/Classement-\u00e9levage-aelfb-rennes-2019.pdf\" class=\"wp-block-file__button wp-element-button\" download aria-describedby=\"wp-block-file--media-adbdf27b-c3ad-4ebd-9321-8fc86ad832be\">pour t\u00e9l\u00e9charger cliquez ici<\/a><\/div>\n\n\n\n<div class=\"wp-block-file\"><a id=\"wp-block-file--media-7f1d8b9f-b56b-40dc-b1bc-cec89939a9fe\" href=\"http:\/\/aelfb-fauvedebourgogne.fr\/wp-content\/uploads\/2020\/03\/RENNES-2019-1.pdf\">photos diverses-Championnat-RENNES-2019<\/a><a href=\"http:\/\/aelfb-fauvedebourgogne.fr\/wp-content\/uploads\/2020\/03\/RENNES-2019-1.pdf\" class=\"wp-block-file__button wp-element-button\" download aria-describedby=\"wp-block-file--media-7f1d8b9f-b56b-40dc-b1bc-cec89939a9fe\">pour T\u00e9l\u00e9charger cliquez ici<\/a><\/div>\n\n\n\n<h2 class=\"wp-block-heading\"><strong>CHAMPIONNAT NATIONAL AMBAZAC 2018<\/strong><\/h2>\n\n\n\n<figure class=\"wp-block-image size-large\"><img loading=\"lazy\" decoding=\"async\" width=\"1024\" height=\"768\" src=\"http:\/\/aelfb-fauvedebourgogne.fr\/wp-content\/uploads\/2020\/03\/PHOTOS-GROUPE-AMBAZAC-2018-1024x768.jpg\" alt=\"\" class=\"wp-image-203\" srcset=\"https:\/\/aelfb-fauvedebourgogne.fr\/wp-content\/uploads\/2020\/03\/PHOTOS-GROUPE-AMBAZAC-2018-1024x768.jpg 1024w, https:\/\/aelfb-fauvedebourgogne.fr\/wp-content\/uploads\/2020\/03\/PHOTOS-GROUPE-AMBAZAC-2018-300x225.jpg 300w, https:\/\/aelfb-fauvedebourgogne.fr\/wp-content\/uploads\/2020\/03\/PHOTOS-GROUPE-AMBAZAC-2018-768x576.jpg 768w, https:\/\/aelfb-fauvedebourgogne.fr\/wp-content\/uploads\/2020\/03\/PHOTOS-GROUPE-AMBAZAC-2018-1536x1152.jpg 1536w, https:\/\/aelfb-fauvedebourgogne.fr\/wp-content\/uploads\/2020\/03\/PHOTOS-GROUPE-AMBAZAC-2018-2048x1536.jpg 2048w, https:\/\/aelfb-fauvedebourgogne.fr\/wp-content\/uploads\/2020\/03\/PHOTOS-GROUPE-AMBAZAC-2018-1200x900.jpg 1200w\" sizes=\"auto, (max-width: 709px) 85vw, (max-width: 909px) 67vw, (max-width: 1362px) 62vw, 840px\" \/><\/figure>\n\n\n\n<div class=\"wp-block-file\"><a id=\"wp-block-file--media-7b895333-8f9a-4a1f-8433-651b1185dd81\" href=\"http:\/\/aelfb-fauvedebourgogne.fr\/wp-content\/uploads\/2020\/03\/Femelles-AMBAZAC-2018.pdf\">Classement Femelles-AMBAZAC-2018<\/a><a href=\"http:\/\/aelfb-fauvedebourgogne.fr\/wp-content\/uploads\/2020\/03\/Femelles-AMBAZAC-2018.pdf\" class=\"wp-block-file__button wp-element-button\" download aria-describedby=\"wp-block-file--media-7b895333-8f9a-4a1f-8433-651b1185dd81\">pour T\u00e9l\u00e9charger cliquez ici<\/a><\/div>\n\n\n\n<div class=\"wp-block-file\"><a id=\"wp-block-file--media-8f02e2a7-f472-4b17-9a55-b51b2248aa76\" href=\"http:\/\/aelfb-fauvedebourgogne.fr\/wp-content\/uploads\/2020\/03\/M\u00e2les-Ambazac-2018.pdf\">Classement M\u00e2les-AMBAZAC-2018<\/a><a href=\"http:\/\/aelfb-fauvedebourgogne.fr\/wp-content\/uploads\/2020\/03\/M\u00e2les-Ambazac-2018.pdf\" class=\"wp-block-file__button wp-element-button\" download aria-describedby=\"wp-block-file--media-8f02e2a7-f472-4b17-9a55-b51b2248aa76\">pour T\u00e9l\u00e9charger cliquez ici<\/a><\/div>\n\n\n\n<div class=\"wp-block-file\"><a id=\"wp-block-file--media-1a5afc8c-f00e-4a59-8551-1279aaac7f86\" href=\"http:\/\/aelfb-fauvedebourgogne.fr\/wp-content\/uploads\/2020\/03\/Championnat-Ambazac-2018.pdf\">Classement Championnat-AMBAZAC-2018<\/a><a href=\"http:\/\/aelfb-fauvedebourgogne.fr\/wp-content\/uploads\/2020\/03\/Championnat-Ambazac-2018.pdf\" class=\"wp-block-file__button wp-element-button\" download aria-describedby=\"wp-block-file--media-1a5afc8c-f00e-4a59-8551-1279aaac7f86\">pour T\u00e9l\u00e9charger cliquez ici<\/a><\/div>\n\n\n\n<div class=\"wp-block-file\"><a id=\"wp-block-file--media-93eee012-2735-4e55-93f1-c3f871bdc53c\" href=\"http:\/\/aelfb-fauvedebourgogne.fr\/wp-content\/uploads\/2020\/03\/photos-diverses-Championnat-AMBAZAC-2018.pdf\">photos diverses-Championnat-AMBAZAC-2018<\/a><a href=\"http:\/\/aelfb-fauvedebourgogne.fr\/wp-content\/uploads\/2020\/03\/photos-diverses-Championnat-AMBAZAC-2018.pdf\" class=\"wp-block-file__button wp-element-button\" download aria-describedby=\"wp-block-file--media-93eee012-2735-4e55-93f1-c3f871bdc53c\">POUR T\u00e9l\u00e9charger CLIQUEZ ICI<\/a><\/div>\n","protected":false},"excerpt":{"rendered":"<p>RENCONTRE NATIONAL LIMOGES 2023 CHAMPIONNAT NATIONAL LIMOGES 2021 CHAMPIONNAT NATIONAL RENNES 2019 CHAMPIONNAT NATIONAL AMBAZAC 2018<\/p>\n","protected":false},"author":1,"featured_media":0,"parent":0,"menu_order":0,"comment_status":"closed","ping_status":"closed","template":"","meta":{"footnotes":""},"class_list":["post-80","page","type-page","status-publish","hentry"],"yoast_head":"<!-- This site is optimized with the Yoast SEO plugin v24.9 - https:\/\/yoast.com\/wordpress\/plugins\/seo\/ -->\n<title>R\u00e9sultats et Palmar\u00e8s des Championnats de l&#039;A.E.L.F.B - AELFB<\/title>\n<meta name=\"description\" content=\"Ce site vous donne des adresses d&#039;\u00e9leveurs de lapins Fauve de Bourgogne par d\u00e9partement, des conseils d&#039;\u00e9levage, les palmar\u00e8s d&#039;expositions, les maladies, le standard officiel de cette race, les lieux d&#039;expositions.\" \/>\n<meta name=\"robots\" content=\"index, follow, max-snippet:-1, max-image-preview:large, max-video-preview:-1\" \/>\n<link rel=\"canonical\" href=\"https:\/\/aelfb-fauvedebourgogne.fr\/?page_id=80\" \/>\n<meta property=\"og:locale\" content=\"fr_FR\" \/>\n<meta property=\"og:type\" content=\"article\" \/>\n<meta property=\"og:title\" content=\"R\u00e9sultats et Palmar\u00e8s des Championnats de l&#039;A.E.L.F.B - AELFB\" \/>\n<meta property=\"og:description\" content=\"Ce site vous donne des adresses d&#039;\u00e9leveurs de lapins Fauve de Bourgogne par d\u00e9partement, des conseils d&#039;\u00e9levage, les palmar\u00e8s d&#039;expositions, les maladies, le standard officiel de cette race, les lieux d&#039;expositions.\" \/>\n<meta property=\"og:url\" content=\"https:\/\/aelfb-fauvedebourgogne.fr\/?page_id=80\" \/>\n<meta property=\"og:site_name\" content=\"AELFB\" \/>\n<meta property=\"article:modified_time\" content=\"2025-10-30T19:59:43+00:00\" \/>\n<meta property=\"og:image\" content=\"https:\/\/aelfb-fauvedebourgogne.fr\/wp-content\/uploads\/2023\/11\/photo-groupe-A.E.L.F.B-2023-1.jpg\" \/>\n\t<meta property=\"og:image:width\" content=\"720\" \/>\n\t<meta property=\"og:image:height\" content=\"263\" \/>\n\t<meta property=\"og:image:type\" content=\"image\/jpeg\" \/>\n<meta name=\"twitter:card\" content=\"summary_large_image\" \/>\n<meta name=\"twitter:label1\" content=\"Dur\u00e9e de lecture estim\u00e9e\" \/>\n\t<meta name=\"twitter:data1\" content=\"2 minutes\" \/>\n<script type=\"application\/ld+json\" class=\"yoast-schema-graph\">{\"@context\":\"https:\/\/schema.org\",\"@graph\":[{\"@type\":\"WebPage\",\"@id\":\"https:\/\/aelfb-fauvedebourgogne.fr\/?page_id=80\",\"url\":\"https:\/\/aelfb-fauvedebourgogne.fr\/?page_id=80\",\"name\":\"R\u00e9sultats et Palmar\u00e8s des Championnats de l'A.E.L.F.B - AELFB\",\"isPartOf\":{\"@id\":\"https:\/\/aelfb-fauvedebourgogne.fr\/#website\"},\"primaryImageOfPage\":{\"@id\":\"https:\/\/aelfb-fauvedebourgogne.fr\/?page_id=80#primaryimage\"},\"image\":{\"@id\":\"https:\/\/aelfb-fauvedebourgogne.fr\/?page_id=80#primaryimage\"},\"thumbnailUrl\":\"http:\/\/aelfb-fauvedebourgogne.fr\/wp-content\/uploads\/2023\/11\/photo-groupe-A.E.L.F.B-2023-1.jpg\",\"datePublished\":\"2020-02-27T20:27:57+00:00\",\"dateModified\":\"2025-10-30T19:59:43+00:00\",\"description\":\"Ce site vous donne des adresses d'\u00e9leveurs de lapins Fauve de Bourgogne par d\u00e9partement, des conseils d'\u00e9levage, les palmar\u00e8s d'expositions, les maladies, le standard officiel de cette race, les lieux d'expositions.\",\"breadcrumb\":{\"@id\":\"https:\/\/aelfb-fauvedebourgogne.fr\/?page_id=80#breadcrumb\"},\"inLanguage\":\"fr-FR\",\"potentialAction\":[{\"@type\":\"ReadAction\",\"target\":[\"https:\/\/aelfb-fauvedebourgogne.fr\/?page_id=80\"]}]},{\"@type\":\"ImageObject\",\"inLanguage\":\"fr-FR\",\"@id\":\"https:\/\/aelfb-fauvedebourgogne.fr\/?page_id=80#primaryimage\",\"url\":\"https:\/\/aelfb-fauvedebourgogne.fr\/wp-content\/uploads\/2023\/11\/photo-groupe-A.E.L.F.B-2023-1.jpg\",\"contentUrl\":\"https:\/\/aelfb-fauvedebourgogne.fr\/wp-content\/uploads\/2023\/11\/photo-groupe-A.E.L.F.B-2023-1.jpg\",\"width\":720,\"height\":263},{\"@type\":\"BreadcrumbList\",\"@id\":\"https:\/\/aelfb-fauvedebourgogne.fr\/?page_id=80#breadcrumb\",\"itemListElement\":[{\"@type\":\"ListItem\",\"position\":1,\"name\":\"Accueil\",\"item\":\"https:\/\/aelfb-fauvedebourgogne.fr\/\"},{\"@type\":\"ListItem\",\"position\":2,\"name\":\"R\u00e9sultats et Palmar\u00e8s des Championnats de l&rsquo;A.E.L.F.B\"}]},{\"@type\":\"WebSite\",\"@id\":\"https:\/\/aelfb-fauvedebourgogne.fr\/#website\",\"url\":\"https:\/\/aelfb-fauvedebourgogne.fr\/\",\"name\":\"AELFB\",\"description\":\"Association des Eleveurs de Lapins Fauve de Bourgogne ( A.E.L.F.B. )\",\"publisher\":{\"@id\":\"https:\/\/aelfb-fauvedebourgogne.fr\/#organization\"},\"potentialAction\":[{\"@type\":\"SearchAction\",\"target\":{\"@type\":\"EntryPoint\",\"urlTemplate\":\"https:\/\/aelfb-fauvedebourgogne.fr\/?s={search_term_string}\"},\"query-input\":{\"@type\":\"PropertyValueSpecification\",\"valueRequired\":true,\"valueName\":\"search_term_string\"}}],\"inLanguage\":\"fr-FR\"},{\"@type\":\"Organization\",\"@id\":\"https:\/\/aelfb-fauvedebourgogne.fr\/#organization\",\"name\":\"AELFB (Association des Eleveurs de Lapins Fauves de Bourgogne\",\"url\":\"https:\/\/aelfb-fauvedebourgogne.fr\/\",\"logo\":{\"@type\":\"ImageObject\",\"inLanguage\":\"fr-FR\",\"@id\":\"https:\/\/aelfb-fauvedebourgogne.fr\/#\/schema\/logo\/image\/\",\"url\":\"http:\/\/aelfb-fauvedebourgogne.fr\/wp-content\/uploads\/2020\/03\/logo_200px.png\",\"contentUrl\":\"http:\/\/aelfb-fauvedebourgogne.fr\/wp-content\/uploads\/2020\/03\/logo_200px.png\",\"width\":200,\"height\":200,\"caption\":\"AELFB (Association des Eleveurs de Lapins Fauves de Bourgogne\"},\"image\":{\"@id\":\"https:\/\/aelfb-fauvedebourgogne.fr\/#\/schema\/logo\/image\/\"}}]}<\/script>\n<!-- \/ Yoast SEO plugin. -->","yoast_head_json":{"title":"R\u00e9sultats et Palmar\u00e8s des Championnats de l'A.E.L.F.B - AELFB","description":"Ce site vous donne des adresses d'\u00e9leveurs de lapins Fauve de Bourgogne par d\u00e9partement, des conseils d'\u00e9levage, les palmar\u00e8s d'expositions, les maladies, le standard officiel de cette race, les lieux d'expositions.","robots":{"index":"index","follow":"follow","max-snippet":"max-snippet:-1","max-image-preview":"max-image-preview:large","max-video-preview":"max-video-preview:-1"},"canonical":"https:\/\/aelfb-fauvedebourgogne.fr\/?page_id=80","og_locale":"fr_FR","og_type":"article","og_title":"R\u00e9sultats et Palmar\u00e8s des Championnats de l'A.E.L.F.B - AELFB","og_description":"Ce site vous donne des adresses d'\u00e9leveurs de lapins Fauve de Bourgogne par d\u00e9partement, des conseils d'\u00e9levage, les palmar\u00e8s d'expositions, les maladies, le standard officiel de cette race, les lieux d'expositions.","og_url":"https:\/\/aelfb-fauvedebourgogne.fr\/?page_id=80","og_site_name":"AELFB","article_modified_time":"2025-10-30T19:59:43+00:00","og_image":[{"width":720,"height":263,"url":"https:\/\/aelfb-fauvedebourgogne.fr\/wp-content\/uploads\/2023\/11\/photo-groupe-A.E.L.F.B-2023-1.jpg","type":"image\/jpeg"}],"twitter_card":"summary_large_image","twitter_misc":{"Dur\u00e9e de lecture estim\u00e9e":"2 minutes"},"schema":{"@context":"https:\/\/schema.org","@graph":[{"@type":"WebPage","@id":"https:\/\/aelfb-fauvedebourgogne.fr\/?page_id=80","url":"https:\/\/aelfb-fauvedebourgogne.fr\/?page_id=80","name":"R\u00e9sultats et Palmar\u00e8s des Championnats de l'A.E.L.F.B - AELFB","isPartOf":{"@id":"https:\/\/aelfb-fauvedebourgogne.fr\/#website"},"primaryImageOfPage":{"@id":"https:\/\/aelfb-fauvedebourgogne.fr\/?page_id=80#primaryimage"},"image":{"@id":"https:\/\/aelfb-fauvedebourgogne.fr\/?page_id=80#primaryimage"},"thumbnailUrl":"http:\/\/aelfb-fauvedebourgogne.fr\/wp-content\/uploads\/2023\/11\/photo-groupe-A.E.L.F.B-2023-1.jpg","datePublished":"2020-02-27T20:27:57+00:00","dateModified":"2025-10-30T19:59:43+00:00","description":"Ce site vous donne des adresses d'\u00e9leveurs de lapins Fauve de Bourgogne par d\u00e9partement, des conseils d'\u00e9levage, les palmar\u00e8s d'expositions, les maladies, le standard officiel de cette race, les lieux d'expositions.","breadcrumb":{"@id":"https:\/\/aelfb-fauvedebourgogne.fr\/?page_id=80#breadcrumb"},"inLanguage":"fr-FR","potentialAction":[{"@type":"ReadAction","target":["https:\/\/aelfb-fauvedebourgogne.fr\/?page_id=80"]}]},{"@type":"ImageObject","inLanguage":"fr-FR","@id":"https:\/\/aelfb-fauvedebourgogne.fr\/?page_id=80#primaryimage","url":"https:\/\/aelfb-fauvedebourgogne.fr\/wp-content\/uploads\/2023\/11\/photo-groupe-A.E.L.F.B-2023-1.jpg","contentUrl":"https:\/\/aelfb-fauvedebourgogne.fr\/wp-content\/uploads\/2023\/11\/photo-groupe-A.E.L.F.B-2023-1.jpg","width":720,"height":263},{"@type":"BreadcrumbList","@id":"https:\/\/aelfb-fauvedebourgogne.fr\/?page_id=80#breadcrumb","itemListElement":[{"@type":"ListItem","position":1,"name":"Accueil","item":"https:\/\/aelfb-fauvedebourgogne.fr\/"},{"@type":"ListItem","position":2,"name":"R\u00e9sultats et Palmar\u00e8s des Championnats de l&rsquo;A.E.L.F.B"}]},{"@type":"WebSite","@id":"https:\/\/aelfb-fauvedebourgogne.fr\/#website","url":"https:\/\/aelfb-fauvedebourgogne.fr\/","name":"AELFB","description":"Association des Eleveurs de Lapins Fauve de Bourgogne ( A.E.L.F.B. )","publisher":{"@id":"https:\/\/aelfb-fauvedebourgogne.fr\/#organization"},"potentialAction":[{"@type":"SearchAction","target":{"@type":"EntryPoint","urlTemplate":"https:\/\/aelfb-fauvedebourgogne.fr\/?s={search_term_string}"},"query-input":{"@type":"PropertyValueSpecification","valueRequired":true,"valueName":"search_term_string"}}],"inLanguage":"fr-FR"},{"@type":"Organization","@id":"https:\/\/aelfb-fauvedebourgogne.fr\/#organization","name":"AELFB (Association des Eleveurs de Lapins Fauves de Bourgogne","url":"https:\/\/aelfb-fauvedebourgogne.fr\/","logo":{"@type":"ImageObject","inLanguage":"fr-FR","@id":"https:\/\/aelfb-fauvedebourgogne.fr\/#\/schema\/logo\/image\/","url":"http:\/\/aelfb-fauvedebourgogne.fr\/wp-content\/uploads\/2020\/03\/logo_200px.png","contentUrl":"http:\/\/aelfb-fauvedebourgogne.fr\/wp-content\/uploads\/2020\/03\/logo_200px.png","width":200,"height":200,"caption":"AELFB (Association des Eleveurs de Lapins Fauves de Bourgogne"},"image":{"@id":"https:\/\/aelfb-fauvedebourgogne.fr\/#\/schema\/logo\/image\/"}}]}},"_links":{"self":[{"href":"https:\/\/aelfb-fauvedebourgogne.fr\/index.php?rest_route=\/wp\/v2\/pages\/80","targetHints":{"allow":["GET"]}}],"collection":[{"href":"https:\/\/aelfb-fauvedebourgogne.fr\/index.php?rest_route=\/wp\/v2\/pages"}],"about":[{"href":"https:\/\/aelfb-fauvedebourgogne.fr\/index.php?rest_route=\/wp\/v2\/types\/page"}],"author":[{"embeddable":true,"href":"https:\/\/aelfb-fauvedebourgogne.fr\/index.php?rest_route=\/wp\/v2\/users\/1"}],"replies":[{"embeddable":true,"href":"https:\/\/aelfb-fauvedebourgogne.fr\/index.php?rest_route=%2Fwp%2Fv2%2Fcomments&post=80"}],"version-history":[{"count":45,"href":"https:\/\/aelfb-fauvedebourgogne.fr\/index.php?rest_route=\/wp\/v2\/pages\/80\/revisions"}],"predecessor-version":[{"id":1905,"href":"https:\/\/aelfb-fauvedebourgogne.fr\/index.php?rest_route=\/wp\/v2\/pages\/80\/revisions\/1905"}],"wp:attachment":[{"href":"https:\/\/aelfb-fauvedebourgogne.fr\/index.php?rest_route=%2Fwp%2Fv2%2Fmedia&parent=80"}],"curies":[{"name":"wp","href":"https:\/\/api.w.org\/{rel}","templated":true}]}}