{"id":68,"date":"2020-02-26T21:52:23","date_gmt":"2020-02-26T20:52:23","guid":{"rendered":"http:\/\/aelfb-fauvedebourgogne.fr\/?page_id=68"},"modified":"2026-02-07T09:46:21","modified_gmt":"2026-02-07T08:46:21","slug":"resultats-dexpositions","status":"publish","type":"page","link":"https:\/\/aelfb-fauvedebourgogne.fr\/?page_id=68","title":{"rendered":"R\u00e9sultats et Palmar\u00e8s d&rsquo;expositions"},"content":{"rendered":"\n<div class=\"wp-block-file\"><a id=\"wp-block-file--media-01e11696-c443-4f3f-b1a8-722542b83e3e\" href=\"https:\/\/aelfb-fauvedebourgogne.fr\/wp-content\/uploads\/2026\/02\/Resultat-expo-clerlande.pdf\">R\u00e9sultats-CLERLANDE-F\u00e9vrier-2026<\/a><a href=\"https:\/\/aelfb-fauvedebourgogne.fr\/wp-content\/uploads\/2026\/02\/Resultat-expo-clerlande.pdf\" class=\"wp-block-file__button wp-element-button\" download aria-describedby=\"wp-block-file--media-01e11696-c443-4f3f-b1a8-722542b83e3e\">pour T\u00e9l\u00e9charger cliquez ici<\/a><\/div>\n\n\n\n<div class=\"wp-block-file\"><a id=\"wp-block-file--media-96177206-85d1-4059-9e4c-a066597a16aa\" href=\"https:\/\/aelfb-fauvedebourgogne.fr\/wp-content\/uploads\/2025\/10\/Resultat-expo-1-LIMOGES-2025.pdf\">R\u00e9sultats &#8211; LIMOGES-Octobre- 2025<\/a><a href=\"https:\/\/aelfb-fauvedebourgogne.fr\/wp-content\/uploads\/2025\/10\/Resultat-expo-1-LIMOGES-2025.pdf\" class=\"wp-block-file__button wp-element-button\" download aria-describedby=\"wp-block-file--media-96177206-85d1-4059-9e4c-a066597a16aa\">pour T\u00e9l\u00e9charger cliquez ici<\/a><\/div>\n\n\n\n<div class=\"wp-block-file\"><a id=\"wp-block-file--media-7e929432-aa84-4989-842d-d99f8f8c2ab5\" href=\"https:\/\/aelfb-fauvedebourgogne.fr\/wp-content\/uploads\/2025\/02\/Resultat-expo-souillac-2025.pdf\">R\u00e9sultats- SOUILLAC-F\u00e9vrier- 2025<\/a><a href=\"https:\/\/aelfb-fauvedebourgogne.fr\/wp-content\/uploads\/2025\/02\/Resultat-expo-souillac-2025.pdf\" class=\"wp-block-file__button wp-element-button\" download aria-describedby=\"wp-block-file--media-7e929432-aa84-4989-842d-d99f8f8c2ab5\">pour T\u00e9l\u00e9charger cliquez ici<\/a><\/div>\n\n\n\n<div class=\"wp-block-file\"><a id=\"wp-block-file--media-c263717c-166a-43ce-b078-528309dd5982\" href=\"https:\/\/aelfb-fauvedebourgogne.fr\/wp-content\/uploads\/2025\/01\/Resultat-perigueux-2025-1.pdf\">R\u00e9sultats -P\u00c9RIGUEUX-Janvier- 2025<\/a><a href=\"https:\/\/aelfb-fauvedebourgogne.fr\/wp-content\/uploads\/2025\/01\/Resultat-perigueux-2025-1.pdf\" class=\"wp-block-file__button wp-element-button\" download aria-describedby=\"wp-block-file--media-c263717c-166a-43ce-b078-528309dd5982\">pour T\u00e9l\u00e9charger cliquez ici<\/a><\/div>\n\n\n\n<div class=\"wp-block-file\"><a id=\"wp-block-file--media-f4cf0dce-6cba-4e8a-bc43-35a8ab59df86\" href=\"https:\/\/aelfb-fauvedebourgogne.fr\/wp-content\/uploads\/2024\/12\/Resultat-expo-ambazac-2024.pdf\">R\u00e9sultats -AMBAZAC-Novembre- 2024<\/a><a href=\"https:\/\/aelfb-fauvedebourgogne.fr\/wp-content\/uploads\/2024\/12\/Resultat-expo-ambazac-2024.pdf\" class=\"wp-block-file__button wp-element-button\" download aria-describedby=\"wp-block-file--media-f4cf0dce-6cba-4e8a-bc43-35a8ab59df86\">pour T\u00e9l\u00e9charger cliquez ici<\/a><\/div>\n\n\n\n<div class=\"wp-block-file\"><a id=\"wp-block-file--media-b6373fe7-99d9-4ea6-b609-8d9f6bbd1349\" href=\"https:\/\/aelfb-fauvedebourgogne.fr\/wp-content\/uploads\/2024\/12\/Resultat-Limoges-2024.pdf\">R\u00e9sultats- LIMOGES-octobre- 2024<\/a><a href=\"https:\/\/aelfb-fauvedebourgogne.fr\/wp-content\/uploads\/2024\/12\/Resultat-Limoges-2024.pdf\" class=\"wp-block-file__button wp-element-button\" download aria-describedby=\"wp-block-file--media-b6373fe7-99d9-4ea6-b609-8d9f6bbd1349\">pour T\u00e9l\u00e9charger cliquez ici<\/a><\/div>\n\n\n\n<div class=\"wp-block-file\"><a id=\"wp-block-file--media-65ca9709-11f4-49b6-850e-5f0cf7fe29aa\" href=\"https:\/\/aelfb-fauvedebourgogne.fr\/wp-content\/uploads\/2024\/11\/Capture-decran-2024-11-04-183830.png\">R\u00e9sultats -ROANNE-octobre-2024<\/a><a href=\"https:\/\/aelfb-fauvedebourgogne.fr\/wp-content\/uploads\/2024\/11\/Capture-decran-2024-11-04-183830.png\" class=\"wp-block-file__button wp-element-button\" download aria-describedby=\"wp-block-file--media-65ca9709-11f4-49b6-850e-5f0cf7fe29aa\">pour T\u00e9l\u00e9charger cliquez ici<\/a><\/div>\n\n\n\n<div class=\"wp-block-file\"><a id=\"wp-block-file--media-00bf61e6-981b-458d-9013-f6a241619db1\" href=\"https:\/\/aelfb-fauvedebourgogne.fr\/wp-content\/uploads\/2024\/11\/Capture-decran-2024-11-03-191446.png\">R\u00e9sultats -st OMER -octobre -2024<\/a><a href=\"https:\/\/aelfb-fauvedebourgogne.fr\/wp-content\/uploads\/2024\/11\/Capture-decran-2024-11-03-191446.png\" class=\"wp-block-file__button wp-element-button\" download aria-describedby=\"wp-block-file--media-00bf61e6-981b-458d-9013-f6a241619db1\">pour T\u00e9l\u00e9charger cliquez ici<\/a><\/div>\n\n\n\n<div class=\"wp-block-file\"><a id=\"wp-block-file--media-3be79aa8-6c22-4b89-9580-badbb4438a0f\" href=\"https:\/\/aelfb-fauvedebourgogne.fr\/wp-content\/uploads\/2024\/10\/Resultat-expo-boussac-2024.pdf\">R\u00e9sultats-BOUSSAC-septembre- 2024<\/a><a href=\"https:\/\/aelfb-fauvedebourgogne.fr\/wp-content\/uploads\/2024\/10\/Resultat-expo-boussac-2024.pdf\" class=\"wp-block-file__button wp-element-button\" download aria-describedby=\"wp-block-file--media-3be79aa8-6c22-4b89-9580-badbb4438a0f\">pour T\u00e9l\u00e9charger cliquez ici<\/a><\/div>\n\n\n\n<div class=\"wp-block-file\"><a id=\"wp-block-file--media-882a5c97-1396-43c5-8d4e-cb0423ba41fb\" href=\"https:\/\/aelfb-fauvedebourgogne.fr\/wp-content\/uploads\/2024\/03\/Resultat-expo-guingamp-1-1.pdf\">R\u00e9sultats-GUINGAMP-Mars-2024<\/a><a href=\"https:\/\/aelfb-fauvedebourgogne.fr\/wp-content\/uploads\/2024\/03\/Resultat-expo-guingamp-1-1.pdf\" class=\"wp-block-file__button wp-element-button\" download aria-describedby=\"wp-block-file--media-882a5c97-1396-43c5-8d4e-cb0423ba41fb\">pour T\u00e9l\u00e9charger cliquez ici<\/a><\/div>\n\n\n\n<div class=\"wp-block-file\"><a id=\"wp-block-file--media-e0ce12e2-4b0e-4a83-98c4-9c0886b8221f\" href=\"https:\/\/aelfb-fauvedebourgogne.fr\/wp-content\/uploads\/2024\/02\/Resultat-expo-1-2.pdf\">R\u00e9sultats-PECQUENCOURT-F\u00e9vrier-2024<\/a><a href=\"https:\/\/aelfb-fauvedebourgogne.fr\/wp-content\/uploads\/2024\/02\/Resultat-expo-1-2.pdf\" class=\"wp-block-file__button wp-element-button\" download aria-describedby=\"wp-block-file--media-e0ce12e2-4b0e-4a83-98c4-9c0886b8221f\">pour T\u00e9l\u00e9charger cliquez ici<\/a><\/div>\n\n\n\n<div class=\"wp-block-file\"><a id=\"wp-block-file--media-4dad760d-1b2e-4d5e-a205-f6d6fb2aa56d\" href=\"https:\/\/aelfb-fauvedebourgogne.fr\/wp-content\/uploads\/2023\/12\/Resultat-expo-1-1.pdf\">R\u00e9sultats-HALLUIN-Novembre-2023<\/a><a href=\"https:\/\/aelfb-fauvedebourgogne.fr\/wp-content\/uploads\/2023\/12\/Resultat-expo-1-1.pdf\" class=\"wp-block-file__button wp-element-button\" download aria-describedby=\"wp-block-file--media-4dad760d-1b2e-4d5e-a205-f6d6fb2aa56d\">pour T\u00e9l\u00e9charger cliquez ici<\/a><\/div>\n\n\n\n<div class=\"wp-block-file\"><a id=\"wp-block-file--media-be3e764f-1f34-460d-981e-3433c0de1f51\" href=\"http:\/\/aelfb-fauvedebourgogne.fr\/wp-content\/uploads\/2023\/11\/limoges-2023-resultats-1.pdf\">R\u00e9sultats-LIMOGES-Octobre-2023<\/a><a href=\"http:\/\/aelfb-fauvedebourgogne.fr\/wp-content\/uploads\/2023\/11\/limoges-2023-resultats-1.pdf\" class=\"wp-block-file__button wp-element-button\" download aria-describedby=\"wp-block-file--media-be3e764f-1f34-460d-981e-3433c0de1f51\">pour T\u00e9l\u00e9charger cliquez ici<\/a><\/div>\n\n\n\n<div class=\"wp-block-file\"><a id=\"wp-block-file--media-4e560fe9-27e4-4b09-a3aa-a54ed62d171c\" href=\"http:\/\/aelfb-fauvedebourgogne.fr\/wp-content\/uploads\/2023\/03\/Resultat-expo-Georges-MATHURIN-2023.pdf\">R\u00e9sultats-MONTMORILLON-Mars-2023<\/a><a href=\"http:\/\/aelfb-fauvedebourgogne.fr\/wp-content\/uploads\/2023\/03\/Resultat-expo-Georges-MATHURIN-2023.pdf\" class=\"wp-block-file__button wp-element-button\" download aria-describedby=\"wp-block-file--media-4e560fe9-27e4-4b09-a3aa-a54ed62d171c\">pour T\u00e9l\u00e9charger cliquez ici<\/a><\/div>\n\n\n\n<div class=\"wp-block-file\"><a id=\"wp-block-file--media-44a76d0d-dff6-49d5-b62c-af920fce5f03\" href=\"http:\/\/aelfb-fauvedebourgogne.fr\/wp-content\/uploads\/2023\/02\/Resultat-expo-pecquencourt-2023-114115.pdf\">R\u00e9sultats-PECQUENCOURT-F\u00e9vrier-2023<\/a><a href=\"http:\/\/aelfb-fauvedebourgogne.fr\/wp-content\/uploads\/2023\/02\/Resultat-expo-pecquencourt-2023-114115.pdf\" class=\"wp-block-file__button wp-element-button\" download aria-describedby=\"wp-block-file--media-44a76d0d-dff6-49d5-b62c-af920fce5f03\">POUR T\u00e9l\u00e9charger CLIQUEZ ICI<\/a><\/div>\n\n\n\n<div class=\"wp-block-file\"><a id=\"wp-block-file--media-f145baf3-ad52-46bf-94ff-623842ae57aa\" href=\"http:\/\/aelfb-fauvedebourgogne.fr\/wp-content\/uploads\/2022\/10\/Resultats-dexpo-Limoge-2022.pdf\">R\u00e9sultats-LIMOGES-Octobre-2022<\/a><a href=\"http:\/\/aelfb-fauvedebourgogne.fr\/wp-content\/uploads\/2022\/10\/Resultats-dexpo-Limoge-2022.pdf\" class=\"wp-block-file__button wp-element-button\" download aria-describedby=\"wp-block-file--media-f145baf3-ad52-46bf-94ff-623842ae57aa\">pour T\u00e9l\u00e9charger cliquez ici<\/a><\/div>\n\n\n\n<div class=\"wp-block-file\"><a id=\"wp-block-file--media-2bcd647f-27db-455d-ae1a-a63dedf70a0f\" href=\"http:\/\/aelfb-fauvedebourgogne.fr\/wp-content\/uploads\/2022\/04\/Resultat-expo-lilian-thorigny-1.pdf\">R\u00e9sultats-MONTMORILLON-Mars -2022<\/a><a href=\"http:\/\/aelfb-fauvedebourgogne.fr\/wp-content\/uploads\/2022\/04\/Resultat-expo-lilian-thorigny-1.pdf\" class=\"wp-block-file__button wp-element-button\" download aria-describedby=\"wp-block-file--media-2bcd647f-27db-455d-ae1a-a63dedf70a0f\">pour T\u00e9l\u00e9charger cliquez ici<\/a><\/div>\n\n\n\n<div class=\"wp-block-file\"><a id=\"wp-block-file--media-7ed75f11-b832-44e3-9fd2-3d389effcf1d\" href=\"http:\/\/aelfb-fauvedebourgogne.fr\/wp-content\/uploads\/2022\/02\/EVREUX.jpg\">R\u00e9sultats-EVREUX-Janvier-2022<\/a><a href=\"http:\/\/aelfb-fauvedebourgogne.fr\/wp-content\/uploads\/2022\/02\/EVREUX.jpg\" class=\"wp-block-file__button wp-element-button\" download aria-describedby=\"wp-block-file--media-7ed75f11-b832-44e3-9fd2-3d389effcf1d\">pour T\u00e9l\u00e9charger cliquez ici<\/a><\/div>\n\n\n\n<div class=\"wp-block-file\"><a id=\"wp-block-file--media-54040daf-df76-4148-9497-a8b1a6cdc4ec\" href=\"http:\/\/aelfb-fauvedebourgogne.fr\/wp-content\/uploads\/2022\/04\/Resultat-expo-jacky-stephan.pdf\">R\u00e9sultats-PUY EN VELAY-D\u00e9cembre-2021<\/a><a href=\"http:\/\/aelfb-fauvedebourgogne.fr\/wp-content\/uploads\/2022\/04\/Resultat-expo-jacky-stephan.pdf\" class=\"wp-block-file__button wp-element-button\" download aria-describedby=\"wp-block-file--media-54040daf-df76-4148-9497-a8b1a6cdc4ec\">pour T\u00e9l\u00e9charger cliquez ici<\/a><\/div>\n\n\n\n<div class=\"wp-block-file\"><a id=\"wp-block-file--media-8bd5f7a3-03cc-4f8c-ac40-1b3c1331a5dd\" href=\"http:\/\/aelfb-fauvedebourgogne.fr\/wp-content\/uploads\/2021\/11\/Resultat-expo-RENNES-2021.pdf\">R\u00e9sultats-RENNES-Novembre- 2021<\/a><a href=\"http:\/\/aelfb-fauvedebourgogne.fr\/wp-content\/uploads\/2021\/11\/Resultat-expo-RENNES-2021.pdf\" class=\"wp-block-file__button wp-element-button\" download aria-describedby=\"wp-block-file--media-8bd5f7a3-03cc-4f8c-ac40-1b3c1331a5dd\">pour T\u00e9l\u00e9charger cliquez ici<\/a><\/div>\n\n\n\n<div class=\"wp-block-file\"><a id=\"wp-block-file--media-753146fb-b42f-4dd2-b19d-cf444094e022\" href=\"http:\/\/aelfb-fauvedebourgogne.fr\/wp-content\/uploads\/2021\/10\/Resultat-expo-limoges-2021-3.pdf\">R\u00e9sultats-limoges-Octobre-2021<\/a><a href=\"http:\/\/aelfb-fauvedebourgogne.fr\/wp-content\/uploads\/2021\/10\/Resultat-expo-limoges-2021-3.pdf\" class=\"wp-block-file__button wp-element-button\" download aria-describedby=\"wp-block-file--media-753146fb-b42f-4dd2-b19d-cf444094e022\">pour T\u00e9l\u00e9charger cliquez ici<\/a><\/div>\n\n\n\n<div class=\"wp-block-file\"><a id=\"wp-block-file--media-436d582c-8bc2-4abe-97fa-53a7b3dd6c1b\" href=\"http:\/\/aelfb-fauvedebourgogne.fr\/wp-content\/uploads\/2020\/04\/R\u00e9sultats-dexpo-montmorillon-mars-2020.pdf\">R\u00e9sultats-MONTMORILLON-mars-2020<\/a><a href=\"http:\/\/aelfb-fauvedebourgogne.fr\/wp-content\/uploads\/2020\/04\/R\u00e9sultats-dexpo-montmorillon-mars-2020.pdf\" class=\"wp-block-file__button wp-element-button\" download aria-describedby=\"wp-block-file--media-436d582c-8bc2-4abe-97fa-53a7b3dd6c1b\">POUR T\u00e9l\u00e9charger CLIQUEZ ICI<\/a><\/div>\n\n\n\n<div class=\"wp-block-file\"><a id=\"wp-block-file--media-a9b697cc-d6b8-4f87-932d-97acb90346f6\" href=\"http:\/\/aelfb-fauvedebourgogne.fr\/wp-content\/uploads\/2020\/03\/Challenge-GUINGAMP-2020.pdf\">R\u00e9sultats-GUINGAMP-F\u00e9vrier-2020    <\/a><a href=\"http:\/\/aelfb-fauvedebourgogne.fr\/wp-content\/uploads\/2020\/03\/Challenge-GUINGAMP-2020.pdf\" class=\"wp-block-file__button wp-element-button\" download aria-describedby=\"wp-block-file--media-a9b697cc-d6b8-4f87-932d-97acb90346f6\">pour T\u00e9l\u00e9charger cliquez ici<\/a><\/div>\n\n\n\n<div class=\"wp-block-file\"><a id=\"wp-block-file--media-3f028d49-8c94-42f3-8ab1-295c9af12c9d\" href=\"http:\/\/aelfb-fauvedebourgogne.fr\/wp-content\/uploads\/2020\/04\/R\u00e9sultats-dexpo-Argenton-s.creuse-fevrier-2020.pdf\">R\u00e9sultats-ARGENTON S\/CREUSE-F\u00e9vrier-2020<\/a><a href=\"http:\/\/aelfb-fauvedebourgogne.fr\/wp-content\/uploads\/2020\/04\/R\u00e9sultats-dexpo-Argenton-s.creuse-fevrier-2020.pdf\" class=\"wp-block-file__button wp-element-button\" download aria-describedby=\"wp-block-file--media-3f028d49-8c94-42f3-8ab1-295c9af12c9d\">pour  T\u00e9l\u00e9charger cliquez ici<\/a><\/div>\n\n\n\n<div class=\"wp-block-file\"><a id=\"wp-block-file--media-3c532115-0fe0-454d-9f38-88262fa0bea7\" href=\"http:\/\/aelfb-fauvedebourgogne.fr\/wp-content\/uploads\/2020\/03\/Exposition-MAGNAC-LAVAL.pdf\">R\u00e9sultats-MAGNAC-LAVAL-Janvier-2020<\/a><a href=\"http:\/\/aelfb-fauvedebourgogne.fr\/wp-content\/uploads\/2020\/03\/Exposition-MAGNAC-LAVAL.pdf\" class=\"wp-block-file__button wp-element-button\" download aria-describedby=\"wp-block-file--media-3c532115-0fe0-454d-9f38-88262fa0bea7\">pour T\u00e9l\u00e9charger cliquez ici<\/a><\/div>\n\n\n\n<div class=\"wp-block-file\"><a id=\"wp-block-file--media-8f78f967-ae59-4e32-8b67-a7fa053f6c7c\" href=\"http:\/\/aelfb-fauvedebourgogne.fr\/wp-content\/uploads\/2020\/02\/Expo-Nantes.pdf\">R\u00e9sultats- NANTES- 2019<\/a><a href=\"http:\/\/aelfb-fauvedebourgogne.fr\/wp-content\/uploads\/2020\/02\/Expo-Nantes.pdf\" class=\"wp-block-file__button wp-element-button\" download aria-describedby=\"wp-block-file--media-8f78f967-ae59-4e32-8b67-a7fa053f6c7c\">pour t\u00e9l\u00e9charger cliquez ici<\/a><\/div>\n\n\n\n<div class=\"wp-block-file\"><a id=\"wp-block-file--media-0f8574fe-1255-4b13-9148-1bdd518e2524\" href=\"http:\/\/aelfb-fauvedebourgogne.fr\/wp-content\/uploads\/2020\/03\/R\u00e9sultats-RENNES-2019.pdf\">R\u00e9sultats-RENNES-2019<\/a><a href=\"http:\/\/aelfb-fauvedebourgogne.fr\/wp-content\/uploads\/2020\/03\/R\u00e9sultats-RENNES-2019.pdf\" class=\"wp-block-file__button wp-element-button\" download aria-describedby=\"wp-block-file--media-0f8574fe-1255-4b13-9148-1bdd518e2524\">pour T\u00e9l\u00e9charger cliquez ici <\/a><\/div>\n\n\n\n<div class=\"wp-block-file\"><a id=\"wp-block-file--media-d91faf62-4f5b-4957-a20e-327707de25ab\" href=\"http:\/\/aelfb-fauvedebourgogne.fr\/wp-content\/uploads\/2020\/02\/R\u00e9sultats-dexpo-2.pdf\">R\u00e9sultats- LIMOGES- 2019<\/a><a href=\"http:\/\/aelfb-fauvedebourgogne.fr\/wp-content\/uploads\/2020\/02\/R\u00e9sultats-dexpo-2.pdf\" class=\"wp-block-file__button wp-element-button\" download aria-describedby=\"wp-block-file--media-d91faf62-4f5b-4957-a20e-327707de25ab\">pour t\u00e9l\u00e9charger cliquez ici<\/a><\/div>\n\n\n\n<div class=\"wp-block-file\"><a id=\"wp-block-file--media-a3bc04aa-d1d8-4281-bee1-7e5e2cb21923\" href=\"http:\/\/aelfb-fauvedebourgogne.fr\/wp-content\/uploads\/2020\/02\/R\u00e9sultat-expo-1.pdf\">R\u00e9sultats- AMBAZAC -2019<\/a><a href=\"http:\/\/aelfb-fauvedebourgogne.fr\/wp-content\/uploads\/2020\/02\/R\u00e9sultat-expo-1.pdf\" class=\"wp-block-file__button wp-element-button\" download aria-describedby=\"wp-block-file--media-a3bc04aa-d1d8-4281-bee1-7e5e2cb21923\">pour t\u00e9l\u00e9charger cliquez ici<\/a><\/div>\n\n\n\n<p><\/p>\n","protected":false},"excerpt":{"rendered":"","protected":false},"author":1,"featured_media":0,"parent":0,"menu_order":0,"comment_status":"closed","ping_status":"closed","template":"","meta":{"footnotes":""},"class_list":["post-68","page","type-page","status-publish","hentry"],"yoast_head":"<!-- This site is optimized with the Yoast SEO plugin v24.9 - https:\/\/yoast.com\/wordpress\/plugins\/seo\/ -->\n<title>R\u00e9sultats et Palmar\u00e8s d&#039;expositions - AELFB<\/title>\n<meta name=\"description\" content=\"Ce site vous donne des adresses d&#039;\u00e9leveurs de lapins Fauve de Bourgogne par d\u00e9partement, des conseils d&#039;\u00e9levage, les palmar\u00e8s d&#039;expositions, les maladies, le standard officiel de cette race, les lieux d&#039;expositions.\" \/>\n<meta name=\"robots\" content=\"index, follow, max-snippet:-1, max-image-preview:large, max-video-preview:-1\" \/>\n<link rel=\"canonical\" href=\"https:\/\/aelfb-fauvedebourgogne.fr\/?page_id=68\" \/>\n<meta property=\"og:locale\" content=\"fr_FR\" \/>\n<meta property=\"og:type\" content=\"article\" \/>\n<meta property=\"og:title\" content=\"R\u00e9sultats et Palmar\u00e8s d&#039;expositions - AELFB\" \/>\n<meta property=\"og:description\" content=\"Ce site vous donne des adresses d&#039;\u00e9leveurs de lapins Fauve de Bourgogne par d\u00e9partement, des conseils d&#039;\u00e9levage, les palmar\u00e8s d&#039;expositions, les maladies, le standard officiel de cette race, les lieux d&#039;expositions.\" \/>\n<meta property=\"og:url\" content=\"https:\/\/aelfb-fauvedebourgogne.fr\/?page_id=68\" \/>\n<meta property=\"og:site_name\" content=\"AELFB\" \/>\n<meta property=\"article:modified_time\" content=\"2026-02-07T08:46:21+00:00\" \/>\n<meta name=\"twitter:card\" content=\"summary_large_image\" \/>\n<meta name=\"twitter:label1\" content=\"Dur\u00e9e de lecture estim\u00e9e\" \/>\n\t<meta name=\"twitter:data1\" content=\"1 minute\" \/>\n<script type=\"application\/ld+json\" class=\"yoast-schema-graph\">{\"@context\":\"https:\/\/schema.org\",\"@graph\":[{\"@type\":\"WebPage\",\"@id\":\"https:\/\/aelfb-fauvedebourgogne.fr\/?page_id=68\",\"url\":\"https:\/\/aelfb-fauvedebourgogne.fr\/?page_id=68\",\"name\":\"R\u00e9sultats et Palmar\u00e8s d'expositions - AELFB\",\"isPartOf\":{\"@id\":\"https:\/\/aelfb-fauvedebourgogne.fr\/#website\"},\"datePublished\":\"2020-02-26T20:52:23+00:00\",\"dateModified\":\"2026-02-07T08:46:21+00:00\",\"description\":\"Ce site vous donne des adresses d'\u00e9leveurs de lapins Fauve de Bourgogne par d\u00e9partement, des conseils d'\u00e9levage, les palmar\u00e8s d'expositions, les maladies, le standard officiel de cette race, les lieux d'expositions.\",\"breadcrumb\":{\"@id\":\"https:\/\/aelfb-fauvedebourgogne.fr\/?page_id=68#breadcrumb\"},\"inLanguage\":\"fr-FR\",\"potentialAction\":[{\"@type\":\"ReadAction\",\"target\":[\"https:\/\/aelfb-fauvedebourgogne.fr\/?page_id=68\"]}]},{\"@type\":\"BreadcrumbList\",\"@id\":\"https:\/\/aelfb-fauvedebourgogne.fr\/?page_id=68#breadcrumb\",\"itemListElement\":[{\"@type\":\"ListItem\",\"position\":1,\"name\":\"Accueil\",\"item\":\"https:\/\/aelfb-fauvedebourgogne.fr\/\"},{\"@type\":\"ListItem\",\"position\":2,\"name\":\"R\u00e9sultats et Palmar\u00e8s d&rsquo;expositions\"}]},{\"@type\":\"WebSite\",\"@id\":\"https:\/\/aelfb-fauvedebourgogne.fr\/#website\",\"url\":\"https:\/\/aelfb-fauvedebourgogne.fr\/\",\"name\":\"AELFB\",\"description\":\"Association des Eleveurs de Lapins Fauve de Bourgogne ( A.E.L.F.B. )\",\"publisher\":{\"@id\":\"https:\/\/aelfb-fauvedebourgogne.fr\/#organization\"},\"potentialAction\":[{\"@type\":\"SearchAction\",\"target\":{\"@type\":\"EntryPoint\",\"urlTemplate\":\"https:\/\/aelfb-fauvedebourgogne.fr\/?s={search_term_string}\"},\"query-input\":{\"@type\":\"PropertyValueSpecification\",\"valueRequired\":true,\"valueName\":\"search_term_string\"}}],\"inLanguage\":\"fr-FR\"},{\"@type\":\"Organization\",\"@id\":\"https:\/\/aelfb-fauvedebourgogne.fr\/#organization\",\"name\":\"AELFB (Association des Eleveurs de Lapins Fauves de Bourgogne\",\"url\":\"https:\/\/aelfb-fauvedebourgogne.fr\/\",\"logo\":{\"@type\":\"ImageObject\",\"inLanguage\":\"fr-FR\",\"@id\":\"https:\/\/aelfb-fauvedebourgogne.fr\/#\/schema\/logo\/image\/\",\"url\":\"http:\/\/aelfb-fauvedebourgogne.fr\/wp-content\/uploads\/2020\/03\/logo_200px.png\",\"contentUrl\":\"http:\/\/aelfb-fauvedebourgogne.fr\/wp-content\/uploads\/2020\/03\/logo_200px.png\",\"width\":200,\"height\":200,\"caption\":\"AELFB (Association des Eleveurs de Lapins Fauves de Bourgogne\"},\"image\":{\"@id\":\"https:\/\/aelfb-fauvedebourgogne.fr\/#\/schema\/logo\/image\/\"}}]}<\/script>\n<!-- \/ Yoast SEO plugin. -->","yoast_head_json":{"title":"R\u00e9sultats et Palmar\u00e8s d'expositions - AELFB","description":"Ce site vous donne des adresses d'\u00e9leveurs de lapins Fauve de Bourgogne par d\u00e9partement, des conseils d'\u00e9levage, les palmar\u00e8s d'expositions, les maladies, le standard officiel de cette race, les lieux d'expositions.","robots":{"index":"index","follow":"follow","max-snippet":"max-snippet:-1","max-image-preview":"max-image-preview:large","max-video-preview":"max-video-preview:-1"},"canonical":"https:\/\/aelfb-fauvedebourgogne.fr\/?page_id=68","og_locale":"fr_FR","og_type":"article","og_title":"R\u00e9sultats et Palmar\u00e8s d'expositions - AELFB","og_description":"Ce site vous donne des adresses d'\u00e9leveurs de lapins Fauve de Bourgogne par d\u00e9partement, des conseils d'\u00e9levage, les palmar\u00e8s d'expositions, les maladies, le standard officiel de cette race, les lieux d'expositions.","og_url":"https:\/\/aelfb-fauvedebourgogne.fr\/?page_id=68","og_site_name":"AELFB","article_modified_time":"2026-02-07T08:46:21+00:00","twitter_card":"summary_large_image","twitter_misc":{"Dur\u00e9e de lecture estim\u00e9e":"1 minute"},"schema":{"@context":"https:\/\/schema.org","@graph":[{"@type":"WebPage","@id":"https:\/\/aelfb-fauvedebourgogne.fr\/?page_id=68","url":"https:\/\/aelfb-fauvedebourgogne.fr\/?page_id=68","name":"R\u00e9sultats et Palmar\u00e8s d'expositions - AELFB","isPartOf":{"@id":"https:\/\/aelfb-fauvedebourgogne.fr\/#website"},"datePublished":"2020-02-26T20:52:23+00:00","dateModified":"2026-02-07T08:46:21+00:00","description":"Ce site vous donne des adresses d'\u00e9leveurs de lapins Fauve de Bourgogne par d\u00e9partement, des conseils d'\u00e9levage, les palmar\u00e8s d'expositions, les maladies, le standard officiel de cette race, les lieux d'expositions.","breadcrumb":{"@id":"https:\/\/aelfb-fauvedebourgogne.fr\/?page_id=68#breadcrumb"},"inLanguage":"fr-FR","potentialAction":[{"@type":"ReadAction","target":["https:\/\/aelfb-fauvedebourgogne.fr\/?page_id=68"]}]},{"@type":"BreadcrumbList","@id":"https:\/\/aelfb-fauvedebourgogne.fr\/?page_id=68#breadcrumb","itemListElement":[{"@type":"ListItem","position":1,"name":"Accueil","item":"https:\/\/aelfb-fauvedebourgogne.fr\/"},{"@type":"ListItem","position":2,"name":"R\u00e9sultats et Palmar\u00e8s d&rsquo;expositions"}]},{"@type":"WebSite","@id":"https:\/\/aelfb-fauvedebourgogne.fr\/#website","url":"https:\/\/aelfb-fauvedebourgogne.fr\/","name":"AELFB","description":"Association des Eleveurs de Lapins Fauve de Bourgogne ( A.E.L.F.B. )","publisher":{"@id":"https:\/\/aelfb-fauvedebourgogne.fr\/#organization"},"potentialAction":[{"@type":"SearchAction","target":{"@type":"EntryPoint","urlTemplate":"https:\/\/aelfb-fauvedebourgogne.fr\/?s={search_term_string}"},"query-input":{"@type":"PropertyValueSpecification","valueRequired":true,"valueName":"search_term_string"}}],"inLanguage":"fr-FR"},{"@type":"Organization","@id":"https:\/\/aelfb-fauvedebourgogne.fr\/#organization","name":"AELFB (Association des Eleveurs de Lapins Fauves de Bourgogne","url":"https:\/\/aelfb-fauvedebourgogne.fr\/","logo":{"@type":"ImageObject","inLanguage":"fr-FR","@id":"https:\/\/aelfb-fauvedebourgogne.fr\/#\/schema\/logo\/image\/","url":"http:\/\/aelfb-fauvedebourgogne.fr\/wp-content\/uploads\/2020\/03\/logo_200px.png","contentUrl":"http:\/\/aelfb-fauvedebourgogne.fr\/wp-content\/uploads\/2020\/03\/logo_200px.png","width":200,"height":200,"caption":"AELFB (Association des Eleveurs de Lapins Fauves de Bourgogne"},"image":{"@id":"https:\/\/aelfb-fauvedebourgogne.fr\/#\/schema\/logo\/image\/"}}]}},"_links":{"self":[{"href":"https:\/\/aelfb-fauvedebourgogne.fr\/index.php?rest_route=\/wp\/v2\/pages\/68","targetHints":{"allow":["GET"]}}],"collection":[{"href":"https:\/\/aelfb-fauvedebourgogne.fr\/index.php?rest_route=\/wp\/v2\/pages"}],"about":[{"href":"https:\/\/aelfb-fauvedebourgogne.fr\/index.php?rest_route=\/wp\/v2\/types\/page"}],"author":[{"embeddable":true,"href":"https:\/\/aelfb-fauvedebourgogne.fr\/index.php?rest_route=\/wp\/v2\/users\/1"}],"replies":[{"embeddable":true,"href":"https:\/\/aelfb-fauvedebourgogne.fr\/index.php?rest_route=%2Fwp%2Fv2%2Fcomments&post=68"}],"version-history":[{"count":79,"href":"https:\/\/aelfb-fauvedebourgogne.fr\/index.php?rest_route=\/wp\/v2\/pages\/68\/revisions"}],"predecessor-version":[{"id":2027,"href":"https:\/\/aelfb-fauvedebourgogne.fr\/index.php?rest_route=\/wp\/v2\/pages\/68\/revisions\/2027"}],"wp:attachment":[{"href":"https:\/\/aelfb-fauvedebourgogne.fr\/index.php?rest_route=%2Fwp%2Fv2%2Fmedia&parent=68"}],"curies":[{"name":"wp","href":"https:\/\/api.w.org\/{rel}","templated":true}]}}