{"id":60,"date":"2020-02-27T21:49:58","date_gmt":"2020-02-27T20:49:58","guid":{"rendered":"http:\/\/aelfb-fauvedebourgogne.fr\/?page_id=60"},"modified":"2025-02-18T18:21:28","modified_gmt":"2025-02-18T17:21:28","slug":"lettre-du-president-2","status":"publish","type":"page","link":"https:\/\/aelfb-fauvedebourgogne.fr\/?page_id=60","title":{"rendered":"Lettre du Pr\u00e9sident"},"content":{"rendered":"\n<hr class=\"wp-block-separator has-alpha-channel-opacity\"\/>\n\n\n\n<figure class=\"wp-block-image size-full\"><img loading=\"lazy\" decoding=\"async\" width=\"595\" height=\"842\" src=\"http:\/\/aelfb-fauvedebourgogne.fr\/wp-content\/uploads\/2020\/03\/Deces-Jacques-Riedinger-1.jpg\" alt=\"\" class=\"wp-image-1747\" srcset=\"https:\/\/aelfb-fauvedebourgogne.fr\/wp-content\/uploads\/2020\/03\/Deces-Jacques-Riedinger-1.jpg 595w, https:\/\/aelfb-fauvedebourgogne.fr\/wp-content\/uploads\/2020\/03\/Deces-Jacques-Riedinger-1-212x300.jpg 212w\" sizes=\"auto, (max-width: 595px) 85vw, 595px\" \/><\/figure>\n\n\n\n<hr class=\"wp-block-separator has-alpha-channel-opacity\"\/>\n\n\n\n<div class=\"wp-block-file\"><a href=\"http:\/\/aelfb-fauvedebourgogne.fr\/wp-content\/uploads\/2020\/02\/LETTRE-DU-PRESIDENT.pdf\" target=\"_blank\" rel=\"noreferrer noopener\">Lettre du Pr\u00e9sident <\/a><a href=\"http:\/\/aelfb-fauvedebourgogne.fr\/wp-content\/uploads\/2020\/02\/LETTRE-DU-PRESIDENT.pdf\" class=\"wp-block-file__button wp-element-button\" download>pour t\u00e9l\u00e9charger cliquez \u00ab\u00a0ici\u00a0\u00bb<\/a><\/div>\n","protected":false},"excerpt":{"rendered":"","protected":false},"author":1,"featured_media":82,"parent":0,"menu_order":0,"comment_status":"closed","ping_status":"closed","template":"","meta":{"footnotes":""},"class_list":["post-60","page","type-page","status-publish","has-post-thumbnail","hentry"],"yoast_head":"<!-- This site is optimized with the Yoast SEO plugin v24.9 - https:\/\/yoast.com\/wordpress\/plugins\/seo\/ -->\n<title>Lettre du Pr\u00e9sident - AELFB<\/title>\n<meta name=\"description\" content=\"Ce site vous donne des adresses d&#039;\u00e9leveurs de lapins Fauve de Bourgogne par d\u00e9partement, des conseils d&#039;\u00e9levage, les palmar\u00e8s d&#039;expositions, les maladies, le standard officiel de cette race, les lieux d&#039;expositions.\" \/>\n<meta name=\"robots\" content=\"index, follow, max-snippet:-1, max-image-preview:large, max-video-preview:-1\" \/>\n<link rel=\"canonical\" href=\"https:\/\/aelfb-fauvedebourgogne.fr\/?page_id=60\" \/>\n<meta property=\"og:locale\" content=\"fr_FR\" \/>\n<meta property=\"og:type\" content=\"article\" \/>\n<meta property=\"og:title\" content=\"Lettre du Pr\u00e9sident - AELFB\" \/>\n<meta property=\"og:description\" content=\"Ce site vous donne des adresses d&#039;\u00e9leveurs de lapins Fauve de Bourgogne par d\u00e9partement, des conseils d&#039;\u00e9levage, les palmar\u00e8s d&#039;expositions, les maladies, le standard officiel de cette race, les lieux d&#039;expositions.\" \/>\n<meta property=\"og:url\" content=\"https:\/\/aelfb-fauvedebourgogne.fr\/?page_id=60\" \/>\n<meta property=\"og:site_name\" content=\"AELFB\" \/>\n<meta property=\"article:modified_time\" content=\"2025-02-18T17:21:28+00:00\" \/>\n<meta property=\"og:image\" content=\"https:\/\/aelfb-fauvedebourgogne.fr\/wp-content\/uploads\/2020\/02\/Serge-BUGEAUD-Pr\u00e9sident-de-l-A.E.L.F.B.jpg\" \/>\n\t<meta property=\"og:image:width\" content=\"562\" \/>\n\t<meta property=\"og:image:height\" content=\"366\" \/>\n\t<meta property=\"og:image:type\" content=\"image\/jpeg\" \/>\n<meta name=\"twitter:card\" content=\"summary_large_image\" \/>\n<meta name=\"twitter:label1\" content=\"Dur\u00e9e de lecture estim\u00e9e\" \/>\n\t<meta name=\"twitter:data1\" content=\"1 minute\" \/>\n<script type=\"application\/ld+json\" class=\"yoast-schema-graph\">{\"@context\":\"https:\/\/schema.org\",\"@graph\":[{\"@type\":\"WebPage\",\"@id\":\"https:\/\/aelfb-fauvedebourgogne.fr\/?page_id=60\",\"url\":\"https:\/\/aelfb-fauvedebourgogne.fr\/?page_id=60\",\"name\":\"Lettre du Pr\u00e9sident - AELFB\",\"isPartOf\":{\"@id\":\"https:\/\/aelfb-fauvedebourgogne.fr\/#website\"},\"primaryImageOfPage\":{\"@id\":\"https:\/\/aelfb-fauvedebourgogne.fr\/?page_id=60#primaryimage\"},\"image\":{\"@id\":\"https:\/\/aelfb-fauvedebourgogne.fr\/?page_id=60#primaryimage\"},\"thumbnailUrl\":\"https:\/\/aelfb-fauvedebourgogne.fr\/wp-content\/uploads\/2020\/02\/Serge-BUGEAUD-Pr\u00e9sident-de-l-A.E.L.F.B.jpg\",\"datePublished\":\"2020-02-27T20:49:58+00:00\",\"dateModified\":\"2025-02-18T17:21:28+00:00\",\"description\":\"Ce site vous donne des adresses d'\u00e9leveurs de lapins Fauve de Bourgogne par d\u00e9partement, des conseils d'\u00e9levage, les palmar\u00e8s d'expositions, les maladies, le standard officiel de cette race, les lieux d'expositions.\",\"breadcrumb\":{\"@id\":\"https:\/\/aelfb-fauvedebourgogne.fr\/?page_id=60#breadcrumb\"},\"inLanguage\":\"fr-FR\",\"potentialAction\":[{\"@type\":\"ReadAction\",\"target\":[\"https:\/\/aelfb-fauvedebourgogne.fr\/?page_id=60\"]}]},{\"@type\":\"ImageObject\",\"inLanguage\":\"fr-FR\",\"@id\":\"https:\/\/aelfb-fauvedebourgogne.fr\/?page_id=60#primaryimage\",\"url\":\"https:\/\/aelfb-fauvedebourgogne.fr\/wp-content\/uploads\/2020\/02\/Serge-BUGEAUD-Pr\u00e9sident-de-l-A.E.L.F.B.jpg\",\"contentUrl\":\"https:\/\/aelfb-fauvedebourgogne.fr\/wp-content\/uploads\/2020\/02\/Serge-BUGEAUD-Pr\u00e9sident-de-l-A.E.L.F.B.jpg\",\"width\":562,\"height\":366},{\"@type\":\"BreadcrumbList\",\"@id\":\"https:\/\/aelfb-fauvedebourgogne.fr\/?page_id=60#breadcrumb\",\"itemListElement\":[{\"@type\":\"ListItem\",\"position\":1,\"name\":\"Accueil\",\"item\":\"https:\/\/aelfb-fauvedebourgogne.fr\/\"},{\"@type\":\"ListItem\",\"position\":2,\"name\":\"Lettre du Pr\u00e9sident\"}]},{\"@type\":\"WebSite\",\"@id\":\"https:\/\/aelfb-fauvedebourgogne.fr\/#website\",\"url\":\"https:\/\/aelfb-fauvedebourgogne.fr\/\",\"name\":\"AELFB\",\"description\":\"Association des Eleveurs de Lapins Fauve de Bourgogne ( A.E.L.F.B. )\",\"publisher\":{\"@id\":\"https:\/\/aelfb-fauvedebourgogne.fr\/#organization\"},\"potentialAction\":[{\"@type\":\"SearchAction\",\"target\":{\"@type\":\"EntryPoint\",\"urlTemplate\":\"https:\/\/aelfb-fauvedebourgogne.fr\/?s={search_term_string}\"},\"query-input\":{\"@type\":\"PropertyValueSpecification\",\"valueRequired\":true,\"valueName\":\"search_term_string\"}}],\"inLanguage\":\"fr-FR\"},{\"@type\":\"Organization\",\"@id\":\"https:\/\/aelfb-fauvedebourgogne.fr\/#organization\",\"name\":\"AELFB (Association des Eleveurs de Lapins Fauves de Bourgogne\",\"url\":\"https:\/\/aelfb-fauvedebourgogne.fr\/\",\"logo\":{\"@type\":\"ImageObject\",\"inLanguage\":\"fr-FR\",\"@id\":\"https:\/\/aelfb-fauvedebourgogne.fr\/#\/schema\/logo\/image\/\",\"url\":\"http:\/\/aelfb-fauvedebourgogne.fr\/wp-content\/uploads\/2020\/03\/logo_200px.png\",\"contentUrl\":\"http:\/\/aelfb-fauvedebourgogne.fr\/wp-content\/uploads\/2020\/03\/logo_200px.png\",\"width\":200,\"height\":200,\"caption\":\"AELFB (Association des Eleveurs de Lapins Fauves de Bourgogne\"},\"image\":{\"@id\":\"https:\/\/aelfb-fauvedebourgogne.fr\/#\/schema\/logo\/image\/\"}}]}<\/script>\n<!-- \/ Yoast SEO plugin. -->","yoast_head_json":{"title":"Lettre du Pr\u00e9sident - AELFB","description":"Ce site vous donne des adresses d'\u00e9leveurs de lapins Fauve de Bourgogne par d\u00e9partement, des conseils d'\u00e9levage, les palmar\u00e8s d'expositions, les maladies, le standard officiel de cette race, les lieux d'expositions.","robots":{"index":"index","follow":"follow","max-snippet":"max-snippet:-1","max-image-preview":"max-image-preview:large","max-video-preview":"max-video-preview:-1"},"canonical":"https:\/\/aelfb-fauvedebourgogne.fr\/?page_id=60","og_locale":"fr_FR","og_type":"article","og_title":"Lettre du Pr\u00e9sident - AELFB","og_description":"Ce site vous donne des adresses d'\u00e9leveurs de lapins Fauve de Bourgogne par d\u00e9partement, des conseils d'\u00e9levage, les palmar\u00e8s d'expositions, les maladies, le standard officiel de cette race, les lieux d'expositions.","og_url":"https:\/\/aelfb-fauvedebourgogne.fr\/?page_id=60","og_site_name":"AELFB","article_modified_time":"2025-02-18T17:21:28+00:00","og_image":[{"width":562,"height":366,"url":"https:\/\/aelfb-fauvedebourgogne.fr\/wp-content\/uploads\/2020\/02\/Serge-BUGEAUD-Pr\u00e9sident-de-l-A.E.L.F.B.jpg","type":"image\/jpeg"}],"twitter_card":"summary_large_image","twitter_misc":{"Dur\u00e9e de lecture estim\u00e9e":"1 minute"},"schema":{"@context":"https:\/\/schema.org","@graph":[{"@type":"WebPage","@id":"https:\/\/aelfb-fauvedebourgogne.fr\/?page_id=60","url":"https:\/\/aelfb-fauvedebourgogne.fr\/?page_id=60","name":"Lettre du Pr\u00e9sident - AELFB","isPartOf":{"@id":"https:\/\/aelfb-fauvedebourgogne.fr\/#website"},"primaryImageOfPage":{"@id":"https:\/\/aelfb-fauvedebourgogne.fr\/?page_id=60#primaryimage"},"image":{"@id":"https:\/\/aelfb-fauvedebourgogne.fr\/?page_id=60#primaryimage"},"thumbnailUrl":"https:\/\/aelfb-fauvedebourgogne.fr\/wp-content\/uploads\/2020\/02\/Serge-BUGEAUD-Pr\u00e9sident-de-l-A.E.L.F.B.jpg","datePublished":"2020-02-27T20:49:58+00:00","dateModified":"2025-02-18T17:21:28+00:00","description":"Ce site vous donne des adresses d'\u00e9leveurs de lapins Fauve de Bourgogne par d\u00e9partement, des conseils d'\u00e9levage, les palmar\u00e8s d'expositions, les maladies, le standard officiel de cette race, les lieux d'expositions.","breadcrumb":{"@id":"https:\/\/aelfb-fauvedebourgogne.fr\/?page_id=60#breadcrumb"},"inLanguage":"fr-FR","potentialAction":[{"@type":"ReadAction","target":["https:\/\/aelfb-fauvedebourgogne.fr\/?page_id=60"]}]},{"@type":"ImageObject","inLanguage":"fr-FR","@id":"https:\/\/aelfb-fauvedebourgogne.fr\/?page_id=60#primaryimage","url":"https:\/\/aelfb-fauvedebourgogne.fr\/wp-content\/uploads\/2020\/02\/Serge-BUGEAUD-Pr\u00e9sident-de-l-A.E.L.F.B.jpg","contentUrl":"https:\/\/aelfb-fauvedebourgogne.fr\/wp-content\/uploads\/2020\/02\/Serge-BUGEAUD-Pr\u00e9sident-de-l-A.E.L.F.B.jpg","width":562,"height":366},{"@type":"BreadcrumbList","@id":"https:\/\/aelfb-fauvedebourgogne.fr\/?page_id=60#breadcrumb","itemListElement":[{"@type":"ListItem","position":1,"name":"Accueil","item":"https:\/\/aelfb-fauvedebourgogne.fr\/"},{"@type":"ListItem","position":2,"name":"Lettre du Pr\u00e9sident"}]},{"@type":"WebSite","@id":"https:\/\/aelfb-fauvedebourgogne.fr\/#website","url":"https:\/\/aelfb-fauvedebourgogne.fr\/","name":"AELFB","description":"Association des Eleveurs de Lapins Fauve de Bourgogne ( A.E.L.F.B. )","publisher":{"@id":"https:\/\/aelfb-fauvedebourgogne.fr\/#organization"},"potentialAction":[{"@type":"SearchAction","target":{"@type":"EntryPoint","urlTemplate":"https:\/\/aelfb-fauvedebourgogne.fr\/?s={search_term_string}"},"query-input":{"@type":"PropertyValueSpecification","valueRequired":true,"valueName":"search_term_string"}}],"inLanguage":"fr-FR"},{"@type":"Organization","@id":"https:\/\/aelfb-fauvedebourgogne.fr\/#organization","name":"AELFB (Association des Eleveurs de Lapins Fauves de Bourgogne","url":"https:\/\/aelfb-fauvedebourgogne.fr\/","logo":{"@type":"ImageObject","inLanguage":"fr-FR","@id":"https:\/\/aelfb-fauvedebourgogne.fr\/#\/schema\/logo\/image\/","url":"http:\/\/aelfb-fauvedebourgogne.fr\/wp-content\/uploads\/2020\/03\/logo_200px.png","contentUrl":"http:\/\/aelfb-fauvedebourgogne.fr\/wp-content\/uploads\/2020\/03\/logo_200px.png","width":200,"height":200,"caption":"AELFB (Association des Eleveurs de Lapins Fauves de Bourgogne"},"image":{"@id":"https:\/\/aelfb-fauvedebourgogne.fr\/#\/schema\/logo\/image\/"}}]}},"_links":{"self":[{"href":"https:\/\/aelfb-fauvedebourgogne.fr\/index.php?rest_route=\/wp\/v2\/pages\/60","targetHints":{"allow":["GET"]}}],"collection":[{"href":"https:\/\/aelfb-fauvedebourgogne.fr\/index.php?rest_route=\/wp\/v2\/pages"}],"about":[{"href":"https:\/\/aelfb-fauvedebourgogne.fr\/index.php?rest_route=\/wp\/v2\/types\/page"}],"author":[{"embeddable":true,"href":"https:\/\/aelfb-fauvedebourgogne.fr\/index.php?rest_route=\/wp\/v2\/users\/1"}],"replies":[{"embeddable":true,"href":"https:\/\/aelfb-fauvedebourgogne.fr\/index.php?rest_route=%2Fwp%2Fv2%2Fcomments&post=60"}],"version-history":[{"count":6,"href":"https:\/\/aelfb-fauvedebourgogne.fr\/index.php?rest_route=\/wp\/v2\/pages\/60\/revisions"}],"predecessor-version":[{"id":1773,"href":"https:\/\/aelfb-fauvedebourgogne.fr\/index.php?rest_route=\/wp\/v2\/pages\/60\/revisions\/1773"}],"wp:featuredmedia":[{"embeddable":true,"href":"https:\/\/aelfb-fauvedebourgogne.fr\/index.php?rest_route=\/wp\/v2\/media\/82"}],"wp:attachment":[{"href":"https:\/\/aelfb-fauvedebourgogne.fr\/index.php?rest_route=%2Fwp%2Fv2%2Fmedia&parent=60"}],"curies":[{"name":"wp","href":"https:\/\/api.w.org\/{rel}","templated":true}]}}