{"id":271,"date":"2020-03-22T13:36:28","date_gmt":"2020-03-22T12:36:28","guid":{"rendered":"http:\/\/aelfb-fauvedebourgogne.fr\/?page_id=271"},"modified":"2022-02-17T19:07:47","modified_gmt":"2022-02-17T18:07:47","slug":"bon-de-commande-de-cartes-dorigine-lapins","status":"publish","type":"page","link":"https:\/\/aelfb-fauvedebourgogne.fr\/?page_id=271","title":{"rendered":"Bon de commande de cartes d&rsquo;origine lapins"},"content":{"rendered":"\n<figure class=\"wp-block-image size-large\"><img loading=\"lazy\" decoding=\"async\" width=\"720\" height=\"1024\" src=\"http:\/\/aelfb-fauvedebourgogne.fr\/wp-content\/uploads\/2020\/03\/cartes-dorigine-lapins-2020-720x1024.jpg\" alt=\"\" class=\"wp-image-278\" srcset=\"https:\/\/aelfb-fauvedebourgogne.fr\/wp-content\/uploads\/2020\/03\/cartes-dorigine-lapins-2020-720x1024.jpg 720w, https:\/\/aelfb-fauvedebourgogne.fr\/wp-content\/uploads\/2020\/03\/cartes-dorigine-lapins-2020-211x300.jpg 211w, https:\/\/aelfb-fauvedebourgogne.fr\/wp-content\/uploads\/2020\/03\/cartes-dorigine-lapins-2020-768x1092.jpg 768w, https:\/\/aelfb-fauvedebourgogne.fr\/wp-content\/uploads\/2020\/03\/cartes-dorigine-lapins-2020-1080x1536.jpg 1080w, https:\/\/aelfb-fauvedebourgogne.fr\/wp-content\/uploads\/2020\/03\/cartes-dorigine-lapins-2020-1200x1706.jpg 1200w, https:\/\/aelfb-fauvedebourgogne.fr\/wp-content\/uploads\/2020\/03\/cartes-dorigine-lapins-2020.jpg 1212w\" sizes=\"auto, (max-width: 720px) 85vw, 720px\" \/><\/figure>\n\n\n\n<div class=\"wp-block-file\"><a id=\"wp-block-file--media-593b7878-876f-4df2-ac57-6281ac411346\" href=\"http:\/\/aelfb-fauvedebourgogne.fr\/wp-content\/uploads\/2022\/02\/Bon-de-commande-de-cartes-dorigine-lapins-pdf-724x1024-1.jpg\">Bon-de-commande-de-cartes-dorigine-lapins<\/a><a href=\"http:\/\/aelfb-fauvedebourgogne.fr\/wp-content\/uploads\/2022\/02\/Bon-de-commande-de-cartes-dorigine-lapins-pdf-724x1024-1.jpg\" class=\"wp-block-file__button\" download aria-describedby=\"wp-block-file--media-593b7878-876f-4df2-ac57-6281ac411346\">pour T\u00e9l\u00e9charger cliquez ici<\/a><\/div>\n","protected":false},"excerpt":{"rendered":"","protected":false},"author":1,"featured_media":0,"parent":0,"menu_order":0,"comment_status":"closed","ping_status":"closed","template":"","meta":{"footnotes":""},"class_list":["post-271","page","type-page","status-publish","hentry"],"yoast_head":"<!-- This site is optimized with the Yoast SEO plugin v24.9 - https:\/\/yoast.com\/wordpress\/plugins\/seo\/ -->\n<title>Bon de commande de cartes d&#039;origine lapins - AELFB<\/title>\n<meta name=\"description\" content=\"Ce site vous donne des adresses d&#039;\u00e9leveurs de lapins Fauve de Bourgogne par d\u00e9partement, des conseils d&#039;\u00e9levage, les palmar\u00e8s d&#039;expositions, les maladies, le standard officiel de cette race, les lieux d&#039;expositions.\" \/>\n<meta name=\"robots\" content=\"index, follow, max-snippet:-1, max-image-preview:large, max-video-preview:-1\" \/>\n<link rel=\"canonical\" href=\"https:\/\/aelfb-fauvedebourgogne.fr\/?page_id=271\" \/>\n<meta property=\"og:locale\" content=\"fr_FR\" \/>\n<meta property=\"og:type\" content=\"article\" \/>\n<meta property=\"og:title\" content=\"Bon de commande de cartes d&#039;origine lapins - AELFB\" \/>\n<meta property=\"og:description\" content=\"Ce site vous donne des adresses d&#039;\u00e9leveurs de lapins Fauve de Bourgogne par d\u00e9partement, des conseils d&#039;\u00e9levage, les palmar\u00e8s d&#039;expositions, les maladies, le standard officiel de cette race, les lieux d&#039;expositions.\" \/>\n<meta property=\"og:url\" content=\"https:\/\/aelfb-fauvedebourgogne.fr\/?page_id=271\" \/>\n<meta property=\"og:site_name\" content=\"AELFB\" \/>\n<meta property=\"article:modified_time\" content=\"2022-02-17T18:07:47+00:00\" \/>\n<meta property=\"og:image\" content=\"http:\/\/aelfb-fauvedebourgogne.fr\/wp-content\/uploads\/2020\/03\/cartes-dorigine-lapins-2020-720x1024.jpg\" \/>\n<meta name=\"twitter:card\" content=\"summary_large_image\" \/>\n<meta name=\"twitter:label1\" content=\"Dur\u00e9e de lecture estim\u00e9e\" \/>\n\t<meta name=\"twitter:data1\" content=\"1 minute\" \/>\n<script type=\"application\/ld+json\" class=\"yoast-schema-graph\">{\"@context\":\"https:\/\/schema.org\",\"@graph\":[{\"@type\":\"WebPage\",\"@id\":\"https:\/\/aelfb-fauvedebourgogne.fr\/?page_id=271\",\"url\":\"https:\/\/aelfb-fauvedebourgogne.fr\/?page_id=271\",\"name\":\"Bon de commande de cartes d'origine lapins - AELFB\",\"isPartOf\":{\"@id\":\"https:\/\/aelfb-fauvedebourgogne.fr\/#website\"},\"primaryImageOfPage\":{\"@id\":\"https:\/\/aelfb-fauvedebourgogne.fr\/?page_id=271#primaryimage\"},\"image\":{\"@id\":\"https:\/\/aelfb-fauvedebourgogne.fr\/?page_id=271#primaryimage\"},\"thumbnailUrl\":\"http:\/\/aelfb-fauvedebourgogne.fr\/wp-content\/uploads\/2020\/03\/cartes-dorigine-lapins-2020-720x1024.jpg\",\"datePublished\":\"2020-03-22T12:36:28+00:00\",\"dateModified\":\"2022-02-17T18:07:47+00:00\",\"description\":\"Ce site vous donne des adresses d'\u00e9leveurs de lapins Fauve de Bourgogne par d\u00e9partement, des conseils d'\u00e9levage, les palmar\u00e8s d'expositions, les maladies, le standard officiel de cette race, les lieux d'expositions.\",\"breadcrumb\":{\"@id\":\"https:\/\/aelfb-fauvedebourgogne.fr\/?page_id=271#breadcrumb\"},\"inLanguage\":\"fr-FR\",\"potentialAction\":[{\"@type\":\"ReadAction\",\"target\":[\"https:\/\/aelfb-fauvedebourgogne.fr\/?page_id=271\"]}]},{\"@type\":\"ImageObject\",\"inLanguage\":\"fr-FR\",\"@id\":\"https:\/\/aelfb-fauvedebourgogne.fr\/?page_id=271#primaryimage\",\"url\":\"https:\/\/aelfb-fauvedebourgogne.fr\/wp-content\/uploads\/2020\/03\/cartes-dorigine-lapins-2020.jpg\",\"contentUrl\":\"https:\/\/aelfb-fauvedebourgogne.fr\/wp-content\/uploads\/2020\/03\/cartes-dorigine-lapins-2020.jpg\",\"width\":1212,\"height\":1723},{\"@type\":\"BreadcrumbList\",\"@id\":\"https:\/\/aelfb-fauvedebourgogne.fr\/?page_id=271#breadcrumb\",\"itemListElement\":[{\"@type\":\"ListItem\",\"position\":1,\"name\":\"Accueil\",\"item\":\"https:\/\/aelfb-fauvedebourgogne.fr\/\"},{\"@type\":\"ListItem\",\"position\":2,\"name\":\"Bon de commande de cartes d&rsquo;origine lapins\"}]},{\"@type\":\"WebSite\",\"@id\":\"https:\/\/aelfb-fauvedebourgogne.fr\/#website\",\"url\":\"https:\/\/aelfb-fauvedebourgogne.fr\/\",\"name\":\"AELFB\",\"description\":\"Association des Eleveurs de Lapins Fauve de Bourgogne ( A.E.L.F.B. )\",\"publisher\":{\"@id\":\"https:\/\/aelfb-fauvedebourgogne.fr\/#organization\"},\"potentialAction\":[{\"@type\":\"SearchAction\",\"target\":{\"@type\":\"EntryPoint\",\"urlTemplate\":\"https:\/\/aelfb-fauvedebourgogne.fr\/?s={search_term_string}\"},\"query-input\":{\"@type\":\"PropertyValueSpecification\",\"valueRequired\":true,\"valueName\":\"search_term_string\"}}],\"inLanguage\":\"fr-FR\"},{\"@type\":\"Organization\",\"@id\":\"https:\/\/aelfb-fauvedebourgogne.fr\/#organization\",\"name\":\"AELFB (Association des Eleveurs de Lapins Fauves de Bourgogne\",\"url\":\"https:\/\/aelfb-fauvedebourgogne.fr\/\",\"logo\":{\"@type\":\"ImageObject\",\"inLanguage\":\"fr-FR\",\"@id\":\"https:\/\/aelfb-fauvedebourgogne.fr\/#\/schema\/logo\/image\/\",\"url\":\"http:\/\/aelfb-fauvedebourgogne.fr\/wp-content\/uploads\/2020\/03\/logo_200px.png\",\"contentUrl\":\"http:\/\/aelfb-fauvedebourgogne.fr\/wp-content\/uploads\/2020\/03\/logo_200px.png\",\"width\":200,\"height\":200,\"caption\":\"AELFB (Association des Eleveurs de Lapins Fauves de Bourgogne\"},\"image\":{\"@id\":\"https:\/\/aelfb-fauvedebourgogne.fr\/#\/schema\/logo\/image\/\"}}]}<\/script>\n<!-- \/ Yoast SEO plugin. -->","yoast_head_json":{"title":"Bon de commande de cartes d'origine lapins - AELFB","description":"Ce site vous donne des adresses d'\u00e9leveurs de lapins Fauve de Bourgogne par d\u00e9partement, des conseils d'\u00e9levage, les palmar\u00e8s d'expositions, les maladies, le standard officiel de cette race, les lieux d'expositions.","robots":{"index":"index","follow":"follow","max-snippet":"max-snippet:-1","max-image-preview":"max-image-preview:large","max-video-preview":"max-video-preview:-1"},"canonical":"https:\/\/aelfb-fauvedebourgogne.fr\/?page_id=271","og_locale":"fr_FR","og_type":"article","og_title":"Bon de commande de cartes d'origine lapins - AELFB","og_description":"Ce site vous donne des adresses d'\u00e9leveurs de lapins Fauve de Bourgogne par d\u00e9partement, des conseils d'\u00e9levage, les palmar\u00e8s d'expositions, les maladies, le standard officiel de cette race, les lieux d'expositions.","og_url":"https:\/\/aelfb-fauvedebourgogne.fr\/?page_id=271","og_site_name":"AELFB","article_modified_time":"2022-02-17T18:07:47+00:00","og_image":[{"url":"http:\/\/aelfb-fauvedebourgogne.fr\/wp-content\/uploads\/2020\/03\/cartes-dorigine-lapins-2020-720x1024.jpg","type":"","width":"","height":""}],"twitter_card":"summary_large_image","twitter_misc":{"Dur\u00e9e de lecture estim\u00e9e":"1 minute"},"schema":{"@context":"https:\/\/schema.org","@graph":[{"@type":"WebPage","@id":"https:\/\/aelfb-fauvedebourgogne.fr\/?page_id=271","url":"https:\/\/aelfb-fauvedebourgogne.fr\/?page_id=271","name":"Bon de commande de cartes d'origine lapins - AELFB","isPartOf":{"@id":"https:\/\/aelfb-fauvedebourgogne.fr\/#website"},"primaryImageOfPage":{"@id":"https:\/\/aelfb-fauvedebourgogne.fr\/?page_id=271#primaryimage"},"image":{"@id":"https:\/\/aelfb-fauvedebourgogne.fr\/?page_id=271#primaryimage"},"thumbnailUrl":"http:\/\/aelfb-fauvedebourgogne.fr\/wp-content\/uploads\/2020\/03\/cartes-dorigine-lapins-2020-720x1024.jpg","datePublished":"2020-03-22T12:36:28+00:00","dateModified":"2022-02-17T18:07:47+00:00","description":"Ce site vous donne des adresses d'\u00e9leveurs de lapins Fauve de Bourgogne par d\u00e9partement, des conseils d'\u00e9levage, les palmar\u00e8s d'expositions, les maladies, le standard officiel de cette race, les lieux d'expositions.","breadcrumb":{"@id":"https:\/\/aelfb-fauvedebourgogne.fr\/?page_id=271#breadcrumb"},"inLanguage":"fr-FR","potentialAction":[{"@type":"ReadAction","target":["https:\/\/aelfb-fauvedebourgogne.fr\/?page_id=271"]}]},{"@type":"ImageObject","inLanguage":"fr-FR","@id":"https:\/\/aelfb-fauvedebourgogne.fr\/?page_id=271#primaryimage","url":"https:\/\/aelfb-fauvedebourgogne.fr\/wp-content\/uploads\/2020\/03\/cartes-dorigine-lapins-2020.jpg","contentUrl":"https:\/\/aelfb-fauvedebourgogne.fr\/wp-content\/uploads\/2020\/03\/cartes-dorigine-lapins-2020.jpg","width":1212,"height":1723},{"@type":"BreadcrumbList","@id":"https:\/\/aelfb-fauvedebourgogne.fr\/?page_id=271#breadcrumb","itemListElement":[{"@type":"ListItem","position":1,"name":"Accueil","item":"https:\/\/aelfb-fauvedebourgogne.fr\/"},{"@type":"ListItem","position":2,"name":"Bon de commande de cartes d&rsquo;origine lapins"}]},{"@type":"WebSite","@id":"https:\/\/aelfb-fauvedebourgogne.fr\/#website","url":"https:\/\/aelfb-fauvedebourgogne.fr\/","name":"AELFB","description":"Association des Eleveurs de Lapins Fauve de Bourgogne ( A.E.L.F.B. )","publisher":{"@id":"https:\/\/aelfb-fauvedebourgogne.fr\/#organization"},"potentialAction":[{"@type":"SearchAction","target":{"@type":"EntryPoint","urlTemplate":"https:\/\/aelfb-fauvedebourgogne.fr\/?s={search_term_string}"},"query-input":{"@type":"PropertyValueSpecification","valueRequired":true,"valueName":"search_term_string"}}],"inLanguage":"fr-FR"},{"@type":"Organization","@id":"https:\/\/aelfb-fauvedebourgogne.fr\/#organization","name":"AELFB (Association des Eleveurs de Lapins Fauves de Bourgogne","url":"https:\/\/aelfb-fauvedebourgogne.fr\/","logo":{"@type":"ImageObject","inLanguage":"fr-FR","@id":"https:\/\/aelfb-fauvedebourgogne.fr\/#\/schema\/logo\/image\/","url":"http:\/\/aelfb-fauvedebourgogne.fr\/wp-content\/uploads\/2020\/03\/logo_200px.png","contentUrl":"http:\/\/aelfb-fauvedebourgogne.fr\/wp-content\/uploads\/2020\/03\/logo_200px.png","width":200,"height":200,"caption":"AELFB (Association des Eleveurs de Lapins Fauves de Bourgogne"},"image":{"@id":"https:\/\/aelfb-fauvedebourgogne.fr\/#\/schema\/logo\/image\/"}}]}},"_links":{"self":[{"href":"https:\/\/aelfb-fauvedebourgogne.fr\/index.php?rest_route=\/wp\/v2\/pages\/271","targetHints":{"allow":["GET"]}}],"collection":[{"href":"https:\/\/aelfb-fauvedebourgogne.fr\/index.php?rest_route=\/wp\/v2\/pages"}],"about":[{"href":"https:\/\/aelfb-fauvedebourgogne.fr\/index.php?rest_route=\/wp\/v2\/types\/page"}],"author":[{"embeddable":true,"href":"https:\/\/aelfb-fauvedebourgogne.fr\/index.php?rest_route=\/wp\/v2\/users\/1"}],"replies":[{"embeddable":true,"href":"https:\/\/aelfb-fauvedebourgogne.fr\/index.php?rest_route=%2Fwp%2Fv2%2Fcomments&post=271"}],"version-history":[{"count":5,"href":"https:\/\/aelfb-fauvedebourgogne.fr\/index.php?rest_route=\/wp\/v2\/pages\/271\/revisions"}],"predecessor-version":[{"id":1028,"href":"https:\/\/aelfb-fauvedebourgogne.fr\/index.php?rest_route=\/wp\/v2\/pages\/271\/revisions\/1028"}],"wp:attachment":[{"href":"https:\/\/aelfb-fauvedebourgogne.fr\/index.php?rest_route=%2Fwp%2Fv2%2Fmedia&parent=271"}],"curies":[{"name":"wp","href":"https:\/\/api.w.org\/{rel}","templated":true}]}}