{"id":263,"date":"2020-03-22T07:36:53","date_gmt":"2020-03-22T06:36:53","guid":{"rendered":"http:\/\/aelfb-fauvedebourgogne.fr\/?page_id=263"},"modified":"2020-03-22T09:05:00","modified_gmt":"2020-03-22T08:05:00","slug":"reunion-technique-en-images","status":"publish","type":"page","link":"https:\/\/aelfb-fauvedebourgogne.fr\/?page_id=263","title":{"rendered":"R\u00e9union technique en   images"},"content":{"rendered":"\n<h2 class=\"wp-block-heading\">R\u00e9union technique en images chez Serge BUGEAUD (87) AO\u00dbT 2018<\/h2>\n\n\n\n<div class=\"wp-block-file\"><a href=\"http:\/\/aelfb-fauvedebourgogne.fr\/wp-content\/uploads\/2020\/03\/R\u00e9union-technique-en-photos-chez-Serge-BUGEAUD-1.pdf\">R\u00e9union-technique-en-images-chez-Serge-BUGEAUD<\/a><a href=\"http:\/\/aelfb-fauvedebourgogne.fr\/wp-content\/uploads\/2020\/03\/R\u00e9union-technique-en-photos-chez-Serge-BUGEAUD-1.pdf\" class=\"wp-block-file__button\" download>pour T\u00e9l\u00e9charger cliquez ici<\/a><\/div>\n","protected":false},"excerpt":{"rendered":"<p>R\u00e9union technique en images chez Serge BUGEAUD (87) AO\u00dbT 2018<\/p>\n","protected":false},"author":1,"featured_media":0,"parent":0,"menu_order":0,"comment_status":"closed","ping_status":"closed","template":"","meta":{"footnotes":""},"class_list":["post-263","page","type-page","status-publish","hentry"],"yoast_head":"<!-- This site is optimized with the Yoast SEO plugin v24.9 - https:\/\/yoast.com\/wordpress\/plugins\/seo\/ -->\n<title>R\u00e9union technique en  images - AELFB<\/title>\n<meta name=\"description\" content=\"Ce site vous donne des adresses d&#039;\u00e9leveurs de lapins Fauve de Bourgogne par d\u00e9partement, des conseils d&#039;\u00e9levage, les palmar\u00e8s d&#039;expositions, les maladies, le standard officiel de cette race, les lieux d&#039;expositions.\" \/>\n<meta name=\"robots\" content=\"index, follow, max-snippet:-1, max-image-preview:large, max-video-preview:-1\" \/>\n<link rel=\"canonical\" href=\"https:\/\/aelfb-fauvedebourgogne.fr\/?page_id=263\" \/>\n<meta property=\"og:locale\" content=\"fr_FR\" \/>\n<meta property=\"og:type\" content=\"article\" \/>\n<meta property=\"og:title\" content=\"R\u00e9union technique en  images - AELFB\" \/>\n<meta property=\"og:description\" content=\"Ce site vous donne des adresses d&#039;\u00e9leveurs de lapins Fauve de Bourgogne par d\u00e9partement, des conseils d&#039;\u00e9levage, les palmar\u00e8s d&#039;expositions, les maladies, le standard officiel de cette race, les lieux d&#039;expositions.\" \/>\n<meta property=\"og:url\" content=\"https:\/\/aelfb-fauvedebourgogne.fr\/?page_id=263\" \/>\n<meta property=\"og:site_name\" content=\"AELFB\" \/>\n<meta property=\"article:modified_time\" content=\"2020-03-22T08:05:00+00:00\" \/>\n<meta name=\"twitter:card\" content=\"summary_large_image\" \/>\n<script type=\"application\/ld+json\" class=\"yoast-schema-graph\">{\"@context\":\"https:\/\/schema.org\",\"@graph\":[{\"@type\":\"WebPage\",\"@id\":\"https:\/\/aelfb-fauvedebourgogne.fr\/?page_id=263\",\"url\":\"https:\/\/aelfb-fauvedebourgogne.fr\/?page_id=263\",\"name\":\"R\u00e9union technique en images - AELFB\",\"isPartOf\":{\"@id\":\"https:\/\/aelfb-fauvedebourgogne.fr\/#website\"},\"datePublished\":\"2020-03-22T06:36:53+00:00\",\"dateModified\":\"2020-03-22T08:05:00+00:00\",\"description\":\"Ce site vous donne des adresses d'\u00e9leveurs de lapins Fauve de Bourgogne par d\u00e9partement, des conseils d'\u00e9levage, les palmar\u00e8s d'expositions, les maladies, le standard officiel de cette race, les lieux d'expositions.\",\"breadcrumb\":{\"@id\":\"https:\/\/aelfb-fauvedebourgogne.fr\/?page_id=263#breadcrumb\"},\"inLanguage\":\"fr-FR\",\"potentialAction\":[{\"@type\":\"ReadAction\",\"target\":[\"https:\/\/aelfb-fauvedebourgogne.fr\/?page_id=263\"]}]},{\"@type\":\"BreadcrumbList\",\"@id\":\"https:\/\/aelfb-fauvedebourgogne.fr\/?page_id=263#breadcrumb\",\"itemListElement\":[{\"@type\":\"ListItem\",\"position\":1,\"name\":\"Accueil\",\"item\":\"https:\/\/aelfb-fauvedebourgogne.fr\/\"},{\"@type\":\"ListItem\",\"position\":2,\"name\":\"R\u00e9union technique en images\"}]},{\"@type\":\"WebSite\",\"@id\":\"https:\/\/aelfb-fauvedebourgogne.fr\/#website\",\"url\":\"https:\/\/aelfb-fauvedebourgogne.fr\/\",\"name\":\"AELFB\",\"description\":\"Association des Eleveurs de Lapins Fauve de Bourgogne ( A.E.L.F.B. )\",\"publisher\":{\"@id\":\"https:\/\/aelfb-fauvedebourgogne.fr\/#organization\"},\"potentialAction\":[{\"@type\":\"SearchAction\",\"target\":{\"@type\":\"EntryPoint\",\"urlTemplate\":\"https:\/\/aelfb-fauvedebourgogne.fr\/?s={search_term_string}\"},\"query-input\":{\"@type\":\"PropertyValueSpecification\",\"valueRequired\":true,\"valueName\":\"search_term_string\"}}],\"inLanguage\":\"fr-FR\"},{\"@type\":\"Organization\",\"@id\":\"https:\/\/aelfb-fauvedebourgogne.fr\/#organization\",\"name\":\"AELFB (Association des Eleveurs de Lapins Fauves de Bourgogne\",\"url\":\"https:\/\/aelfb-fauvedebourgogne.fr\/\",\"logo\":{\"@type\":\"ImageObject\",\"inLanguage\":\"fr-FR\",\"@id\":\"https:\/\/aelfb-fauvedebourgogne.fr\/#\/schema\/logo\/image\/\",\"url\":\"http:\/\/aelfb-fauvedebourgogne.fr\/wp-content\/uploads\/2020\/03\/logo_200px.png\",\"contentUrl\":\"http:\/\/aelfb-fauvedebourgogne.fr\/wp-content\/uploads\/2020\/03\/logo_200px.png\",\"width\":200,\"height\":200,\"caption\":\"AELFB (Association des Eleveurs de Lapins Fauves de Bourgogne\"},\"image\":{\"@id\":\"https:\/\/aelfb-fauvedebourgogne.fr\/#\/schema\/logo\/image\/\"}}]}<\/script>\n<!-- \/ Yoast SEO plugin. -->","yoast_head_json":{"title":"R\u00e9union technique en  images - AELFB","description":"Ce site vous donne des adresses d'\u00e9leveurs de lapins Fauve de Bourgogne par d\u00e9partement, des conseils d'\u00e9levage, les palmar\u00e8s d'expositions, les maladies, le standard officiel de cette race, les lieux d'expositions.","robots":{"index":"index","follow":"follow","max-snippet":"max-snippet:-1","max-image-preview":"max-image-preview:large","max-video-preview":"max-video-preview:-1"},"canonical":"https:\/\/aelfb-fauvedebourgogne.fr\/?page_id=263","og_locale":"fr_FR","og_type":"article","og_title":"R\u00e9union technique en  images - AELFB","og_description":"Ce site vous donne des adresses d'\u00e9leveurs de lapins Fauve de Bourgogne par d\u00e9partement, des conseils d'\u00e9levage, les palmar\u00e8s d'expositions, les maladies, le standard officiel de cette race, les lieux d'expositions.","og_url":"https:\/\/aelfb-fauvedebourgogne.fr\/?page_id=263","og_site_name":"AELFB","article_modified_time":"2020-03-22T08:05:00+00:00","twitter_card":"summary_large_image","schema":{"@context":"https:\/\/schema.org","@graph":[{"@type":"WebPage","@id":"https:\/\/aelfb-fauvedebourgogne.fr\/?page_id=263","url":"https:\/\/aelfb-fauvedebourgogne.fr\/?page_id=263","name":"R\u00e9union technique en images - AELFB","isPartOf":{"@id":"https:\/\/aelfb-fauvedebourgogne.fr\/#website"},"datePublished":"2020-03-22T06:36:53+00:00","dateModified":"2020-03-22T08:05:00+00:00","description":"Ce site vous donne des adresses d'\u00e9leveurs de lapins Fauve de Bourgogne par d\u00e9partement, des conseils d'\u00e9levage, les palmar\u00e8s d'expositions, les maladies, le standard officiel de cette race, les lieux d'expositions.","breadcrumb":{"@id":"https:\/\/aelfb-fauvedebourgogne.fr\/?page_id=263#breadcrumb"},"inLanguage":"fr-FR","potentialAction":[{"@type":"ReadAction","target":["https:\/\/aelfb-fauvedebourgogne.fr\/?page_id=263"]}]},{"@type":"BreadcrumbList","@id":"https:\/\/aelfb-fauvedebourgogne.fr\/?page_id=263#breadcrumb","itemListElement":[{"@type":"ListItem","position":1,"name":"Accueil","item":"https:\/\/aelfb-fauvedebourgogne.fr\/"},{"@type":"ListItem","position":2,"name":"R\u00e9union technique en images"}]},{"@type":"WebSite","@id":"https:\/\/aelfb-fauvedebourgogne.fr\/#website","url":"https:\/\/aelfb-fauvedebourgogne.fr\/","name":"AELFB","description":"Association des Eleveurs de Lapins Fauve de Bourgogne ( A.E.L.F.B. )","publisher":{"@id":"https:\/\/aelfb-fauvedebourgogne.fr\/#organization"},"potentialAction":[{"@type":"SearchAction","target":{"@type":"EntryPoint","urlTemplate":"https:\/\/aelfb-fauvedebourgogne.fr\/?s={search_term_string}"},"query-input":{"@type":"PropertyValueSpecification","valueRequired":true,"valueName":"search_term_string"}}],"inLanguage":"fr-FR"},{"@type":"Organization","@id":"https:\/\/aelfb-fauvedebourgogne.fr\/#organization","name":"AELFB (Association des Eleveurs de Lapins Fauves de Bourgogne","url":"https:\/\/aelfb-fauvedebourgogne.fr\/","logo":{"@type":"ImageObject","inLanguage":"fr-FR","@id":"https:\/\/aelfb-fauvedebourgogne.fr\/#\/schema\/logo\/image\/","url":"http:\/\/aelfb-fauvedebourgogne.fr\/wp-content\/uploads\/2020\/03\/logo_200px.png","contentUrl":"http:\/\/aelfb-fauvedebourgogne.fr\/wp-content\/uploads\/2020\/03\/logo_200px.png","width":200,"height":200,"caption":"AELFB (Association des Eleveurs de Lapins Fauves de Bourgogne"},"image":{"@id":"https:\/\/aelfb-fauvedebourgogne.fr\/#\/schema\/logo\/image\/"}}]}},"_links":{"self":[{"href":"https:\/\/aelfb-fauvedebourgogne.fr\/index.php?rest_route=\/wp\/v2\/pages\/263","targetHints":{"allow":["GET"]}}],"collection":[{"href":"https:\/\/aelfb-fauvedebourgogne.fr\/index.php?rest_route=\/wp\/v2\/pages"}],"about":[{"href":"https:\/\/aelfb-fauvedebourgogne.fr\/index.php?rest_route=\/wp\/v2\/types\/page"}],"author":[{"embeddable":true,"href":"https:\/\/aelfb-fauvedebourgogne.fr\/index.php?rest_route=\/wp\/v2\/users\/1"}],"replies":[{"embeddable":true,"href":"https:\/\/aelfb-fauvedebourgogne.fr\/index.php?rest_route=%2Fwp%2Fv2%2Fcomments&post=263"}],"version-history":[{"count":3,"href":"https:\/\/aelfb-fauvedebourgogne.fr\/index.php?rest_route=\/wp\/v2\/pages\/263\/revisions"}],"predecessor-version":[{"id":268,"href":"https:\/\/aelfb-fauvedebourgogne.fr\/index.php?rest_route=\/wp\/v2\/pages\/263\/revisions\/268"}],"wp:attachment":[{"href":"https:\/\/aelfb-fauvedebourgogne.fr\/index.php?rest_route=%2Fwp%2Fv2%2Fmedia&parent=263"}],"curies":[{"name":"wp","href":"https:\/\/api.w.org\/{rel}","templated":true}]}}