{"id":100,"date":"2020-02-28T20:40:01","date_gmt":"2020-02-28T19:40:01","guid":{"rendered":"http:\/\/aelfb-fauvedebourgogne.fr\/?page_id=100"},"modified":"2021-11-23T19:29:31","modified_gmt":"2021-11-23T18:29:31","slug":"les-fonctions-des-membres-de-la-e-l-f-b","status":"publish","type":"page","link":"https:\/\/aelfb-fauvedebourgogne.fr\/?page_id=100","title":{"rendered":"Les fonctions des Membres de l&rsquo;A.E.L.F.B"},"content":{"rendered":"\n<figure class=\"wp-block-image size-large is-resized\"><img loading=\"lazy\" decoding=\"async\" src=\"http:\/\/aelfb-fauvedebourgogne.fr\/wp-content\/uploads\/2021\/11\/les-services-de-laelfb-795x1024.jpg\" alt=\"\" class=\"wp-image-923\" width=\"631\" height=\"812\" srcset=\"https:\/\/aelfb-fauvedebourgogne.fr\/wp-content\/uploads\/2021\/11\/les-services-de-laelfb-795x1024.jpg 795w, https:\/\/aelfb-fauvedebourgogne.fr\/wp-content\/uploads\/2021\/11\/les-services-de-laelfb-233x300.jpg 233w, https:\/\/aelfb-fauvedebourgogne.fr\/wp-content\/uploads\/2021\/11\/les-services-de-laelfb-768x989.jpg 768w, https:\/\/aelfb-fauvedebourgogne.fr\/wp-content\/uploads\/2021\/11\/les-services-de-laelfb.jpg 816w\" sizes=\"auto, (max-width: 631px) 85vw, 631px\" \/><\/figure>\n","protected":false},"excerpt":{"rendered":"","protected":false},"author":1,"featured_media":0,"parent":0,"menu_order":0,"comment_status":"closed","ping_status":"closed","template":"","meta":{"footnotes":""},"class_list":["post-100","page","type-page","status-publish","hentry"],"yoast_head":"<!-- This site is optimized with the Yoast SEO plugin v24.9 - https:\/\/yoast.com\/wordpress\/plugins\/seo\/ -->\n<title>Les fonctions des Membres de l&#039;A.E.L.F.B - AELFB<\/title>\n<meta name=\"description\" content=\"Ce site vous donne des adresses d&#039;\u00e9leveurs de lapins Fauve de Bourgogne par d\u00e9partement, des conseils d&#039;\u00e9levage, les palmar\u00e8s d&#039;expositions, les maladies, le standard officiel de cette race, les lieux d&#039;expositions.\" \/>\n<meta name=\"robots\" content=\"index, follow, max-snippet:-1, max-image-preview:large, max-video-preview:-1\" \/>\n<link rel=\"canonical\" href=\"https:\/\/aelfb-fauvedebourgogne.fr\/?page_id=100\" \/>\n<meta property=\"og:locale\" content=\"fr_FR\" \/>\n<meta property=\"og:type\" content=\"article\" \/>\n<meta property=\"og:title\" content=\"Les fonctions des Membres de l&#039;A.E.L.F.B - AELFB\" \/>\n<meta property=\"og:description\" content=\"Ce site vous donne des adresses d&#039;\u00e9leveurs de lapins Fauve de Bourgogne par d\u00e9partement, des conseils d&#039;\u00e9levage, les palmar\u00e8s d&#039;expositions, les maladies, le standard officiel de cette race, les lieux d&#039;expositions.\" \/>\n<meta property=\"og:url\" content=\"https:\/\/aelfb-fauvedebourgogne.fr\/?page_id=100\" \/>\n<meta property=\"og:site_name\" content=\"AELFB\" \/>\n<meta property=\"article:modified_time\" content=\"2021-11-23T18:29:31+00:00\" \/>\n<meta property=\"og:image\" content=\"http:\/\/aelfb-fauvedebourgogne.fr\/wp-content\/uploads\/2021\/11\/les-services-de-laelfb-795x1024.jpg\" \/>\n<meta name=\"twitter:card\" content=\"summary_large_image\" \/>\n<meta name=\"twitter:label1\" content=\"Dur\u00e9e de lecture estim\u00e9e\" \/>\n\t<meta name=\"twitter:data1\" content=\"1 minute\" \/>\n<script type=\"application\/ld+json\" class=\"yoast-schema-graph\">{\"@context\":\"https:\/\/schema.org\",\"@graph\":[{\"@type\":\"WebPage\",\"@id\":\"https:\/\/aelfb-fauvedebourgogne.fr\/?page_id=100\",\"url\":\"https:\/\/aelfb-fauvedebourgogne.fr\/?page_id=100\",\"name\":\"Les fonctions des Membres de l'A.E.L.F.B - AELFB\",\"isPartOf\":{\"@id\":\"https:\/\/aelfb-fauvedebourgogne.fr\/#website\"},\"primaryImageOfPage\":{\"@id\":\"https:\/\/aelfb-fauvedebourgogne.fr\/?page_id=100#primaryimage\"},\"image\":{\"@id\":\"https:\/\/aelfb-fauvedebourgogne.fr\/?page_id=100#primaryimage\"},\"thumbnailUrl\":\"http:\/\/aelfb-fauvedebourgogne.fr\/wp-content\/uploads\/2021\/11\/les-services-de-laelfb-795x1024.jpg\",\"datePublished\":\"2020-02-28T19:40:01+00:00\",\"dateModified\":\"2021-11-23T18:29:31+00:00\",\"description\":\"Ce site vous donne des adresses d'\u00e9leveurs de lapins Fauve de Bourgogne par d\u00e9partement, des conseils d'\u00e9levage, les palmar\u00e8s d'expositions, les maladies, le standard officiel de cette race, les lieux d'expositions.\",\"breadcrumb\":{\"@id\":\"https:\/\/aelfb-fauvedebourgogne.fr\/?page_id=100#breadcrumb\"},\"inLanguage\":\"fr-FR\",\"potentialAction\":[{\"@type\":\"ReadAction\",\"target\":[\"https:\/\/aelfb-fauvedebourgogne.fr\/?page_id=100\"]}]},{\"@type\":\"ImageObject\",\"inLanguage\":\"fr-FR\",\"@id\":\"https:\/\/aelfb-fauvedebourgogne.fr\/?page_id=100#primaryimage\",\"url\":\"https:\/\/aelfb-fauvedebourgogne.fr\/wp-content\/uploads\/2021\/11\/les-services-de-laelfb.jpg\",\"contentUrl\":\"https:\/\/aelfb-fauvedebourgogne.fr\/wp-content\/uploads\/2021\/11\/les-services-de-laelfb.jpg\",\"width\":816,\"height\":1051},{\"@type\":\"BreadcrumbList\",\"@id\":\"https:\/\/aelfb-fauvedebourgogne.fr\/?page_id=100#breadcrumb\",\"itemListElement\":[{\"@type\":\"ListItem\",\"position\":1,\"name\":\"Accueil\",\"item\":\"https:\/\/aelfb-fauvedebourgogne.fr\/\"},{\"@type\":\"ListItem\",\"position\":2,\"name\":\"Les fonctions des Membres de l&rsquo;A.E.L.F.B\"}]},{\"@type\":\"WebSite\",\"@id\":\"https:\/\/aelfb-fauvedebourgogne.fr\/#website\",\"url\":\"https:\/\/aelfb-fauvedebourgogne.fr\/\",\"name\":\"AELFB\",\"description\":\"Association des Eleveurs de Lapins Fauve de Bourgogne ( A.E.L.F.B. )\",\"publisher\":{\"@id\":\"https:\/\/aelfb-fauvedebourgogne.fr\/#organization\"},\"potentialAction\":[{\"@type\":\"SearchAction\",\"target\":{\"@type\":\"EntryPoint\",\"urlTemplate\":\"https:\/\/aelfb-fauvedebourgogne.fr\/?s={search_term_string}\"},\"query-input\":{\"@type\":\"PropertyValueSpecification\",\"valueRequired\":true,\"valueName\":\"search_term_string\"}}],\"inLanguage\":\"fr-FR\"},{\"@type\":\"Organization\",\"@id\":\"https:\/\/aelfb-fauvedebourgogne.fr\/#organization\",\"name\":\"AELFB (Association des Eleveurs de Lapins Fauves de Bourgogne\",\"url\":\"https:\/\/aelfb-fauvedebourgogne.fr\/\",\"logo\":{\"@type\":\"ImageObject\",\"inLanguage\":\"fr-FR\",\"@id\":\"https:\/\/aelfb-fauvedebourgogne.fr\/#\/schema\/logo\/image\/\",\"url\":\"http:\/\/aelfb-fauvedebourgogne.fr\/wp-content\/uploads\/2020\/03\/logo_200px.png\",\"contentUrl\":\"http:\/\/aelfb-fauvedebourgogne.fr\/wp-content\/uploads\/2020\/03\/logo_200px.png\",\"width\":200,\"height\":200,\"caption\":\"AELFB (Association des Eleveurs de Lapins Fauves de Bourgogne\"},\"image\":{\"@id\":\"https:\/\/aelfb-fauvedebourgogne.fr\/#\/schema\/logo\/image\/\"}}]}<\/script>\n<!-- \/ Yoast SEO plugin. -->","yoast_head_json":{"title":"Les fonctions des Membres de l'A.E.L.F.B - AELFB","description":"Ce site vous donne des adresses d'\u00e9leveurs de lapins Fauve de Bourgogne par d\u00e9partement, des conseils d'\u00e9levage, les palmar\u00e8s d'expositions, les maladies, le standard officiel de cette race, les lieux d'expositions.","robots":{"index":"index","follow":"follow","max-snippet":"max-snippet:-1","max-image-preview":"max-image-preview:large","max-video-preview":"max-video-preview:-1"},"canonical":"https:\/\/aelfb-fauvedebourgogne.fr\/?page_id=100","og_locale":"fr_FR","og_type":"article","og_title":"Les fonctions des Membres de l'A.E.L.F.B - AELFB","og_description":"Ce site vous donne des adresses d'\u00e9leveurs de lapins Fauve de Bourgogne par d\u00e9partement, des conseils d'\u00e9levage, les palmar\u00e8s d'expositions, les maladies, le standard officiel de cette race, les lieux d'expositions.","og_url":"https:\/\/aelfb-fauvedebourgogne.fr\/?page_id=100","og_site_name":"AELFB","article_modified_time":"2021-11-23T18:29:31+00:00","og_image":[{"url":"http:\/\/aelfb-fauvedebourgogne.fr\/wp-content\/uploads\/2021\/11\/les-services-de-laelfb-795x1024.jpg","type":"","width":"","height":""}],"twitter_card":"summary_large_image","twitter_misc":{"Dur\u00e9e de lecture estim\u00e9e":"1 minute"},"schema":{"@context":"https:\/\/schema.org","@graph":[{"@type":"WebPage","@id":"https:\/\/aelfb-fauvedebourgogne.fr\/?page_id=100","url":"https:\/\/aelfb-fauvedebourgogne.fr\/?page_id=100","name":"Les fonctions des Membres de l'A.E.L.F.B - AELFB","isPartOf":{"@id":"https:\/\/aelfb-fauvedebourgogne.fr\/#website"},"primaryImageOfPage":{"@id":"https:\/\/aelfb-fauvedebourgogne.fr\/?page_id=100#primaryimage"},"image":{"@id":"https:\/\/aelfb-fauvedebourgogne.fr\/?page_id=100#primaryimage"},"thumbnailUrl":"http:\/\/aelfb-fauvedebourgogne.fr\/wp-content\/uploads\/2021\/11\/les-services-de-laelfb-795x1024.jpg","datePublished":"2020-02-28T19:40:01+00:00","dateModified":"2021-11-23T18:29:31+00:00","description":"Ce site vous donne des adresses d'\u00e9leveurs de lapins Fauve de Bourgogne par d\u00e9partement, des conseils d'\u00e9levage, les palmar\u00e8s d'expositions, les maladies, le standard officiel de cette race, les lieux d'expositions.","breadcrumb":{"@id":"https:\/\/aelfb-fauvedebourgogne.fr\/?page_id=100#breadcrumb"},"inLanguage":"fr-FR","potentialAction":[{"@type":"ReadAction","target":["https:\/\/aelfb-fauvedebourgogne.fr\/?page_id=100"]}]},{"@type":"ImageObject","inLanguage":"fr-FR","@id":"https:\/\/aelfb-fauvedebourgogne.fr\/?page_id=100#primaryimage","url":"https:\/\/aelfb-fauvedebourgogne.fr\/wp-content\/uploads\/2021\/11\/les-services-de-laelfb.jpg","contentUrl":"https:\/\/aelfb-fauvedebourgogne.fr\/wp-content\/uploads\/2021\/11\/les-services-de-laelfb.jpg","width":816,"height":1051},{"@type":"BreadcrumbList","@id":"https:\/\/aelfb-fauvedebourgogne.fr\/?page_id=100#breadcrumb","itemListElement":[{"@type":"ListItem","position":1,"name":"Accueil","item":"https:\/\/aelfb-fauvedebourgogne.fr\/"},{"@type":"ListItem","position":2,"name":"Les fonctions des Membres de l&rsquo;A.E.L.F.B"}]},{"@type":"WebSite","@id":"https:\/\/aelfb-fauvedebourgogne.fr\/#website","url":"https:\/\/aelfb-fauvedebourgogne.fr\/","name":"AELFB","description":"Association des Eleveurs de Lapins Fauve de Bourgogne ( A.E.L.F.B. )","publisher":{"@id":"https:\/\/aelfb-fauvedebourgogne.fr\/#organization"},"potentialAction":[{"@type":"SearchAction","target":{"@type":"EntryPoint","urlTemplate":"https:\/\/aelfb-fauvedebourgogne.fr\/?s={search_term_string}"},"query-input":{"@type":"PropertyValueSpecification","valueRequired":true,"valueName":"search_term_string"}}],"inLanguage":"fr-FR"},{"@type":"Organization","@id":"https:\/\/aelfb-fauvedebourgogne.fr\/#organization","name":"AELFB (Association des Eleveurs de Lapins Fauves de Bourgogne","url":"https:\/\/aelfb-fauvedebourgogne.fr\/","logo":{"@type":"ImageObject","inLanguage":"fr-FR","@id":"https:\/\/aelfb-fauvedebourgogne.fr\/#\/schema\/logo\/image\/","url":"http:\/\/aelfb-fauvedebourgogne.fr\/wp-content\/uploads\/2020\/03\/logo_200px.png","contentUrl":"http:\/\/aelfb-fauvedebourgogne.fr\/wp-content\/uploads\/2020\/03\/logo_200px.png","width":200,"height":200,"caption":"AELFB (Association des Eleveurs de Lapins Fauves de Bourgogne"},"image":{"@id":"https:\/\/aelfb-fauvedebourgogne.fr\/#\/schema\/logo\/image\/"}}]}},"_links":{"self":[{"href":"https:\/\/aelfb-fauvedebourgogne.fr\/index.php?rest_route=\/wp\/v2\/pages\/100","targetHints":{"allow":["GET"]}}],"collection":[{"href":"https:\/\/aelfb-fauvedebourgogne.fr\/index.php?rest_route=\/wp\/v2\/pages"}],"about":[{"href":"https:\/\/aelfb-fauvedebourgogne.fr\/index.php?rest_route=\/wp\/v2\/types\/page"}],"author":[{"embeddable":true,"href":"https:\/\/aelfb-fauvedebourgogne.fr\/index.php?rest_route=\/wp\/v2\/users\/1"}],"replies":[{"embeddable":true,"href":"https:\/\/aelfb-fauvedebourgogne.fr\/index.php?rest_route=%2Fwp%2Fv2%2Fcomments&post=100"}],"version-history":[{"count":5,"href":"https:\/\/aelfb-fauvedebourgogne.fr\/index.php?rest_route=\/wp\/v2\/pages\/100\/revisions"}],"predecessor-version":[{"id":924,"href":"https:\/\/aelfb-fauvedebourgogne.fr\/index.php?rest_route=\/wp\/v2\/pages\/100\/revisions\/924"}],"wp:attachment":[{"href":"https:\/\/aelfb-fauvedebourgogne.fr\/index.php?rest_route=%2Fwp%2Fv2%2Fmedia&parent=100"}],"curies":[{"name":"wp","href":"https:\/\/api.w.org\/{rel}","templated":true}]}}